{"id":2234,"date":"2023-08-07T07:00:21","date_gmt":"2023-08-07T07:00:21","guid":{"rendered":"https:\/\/wgl-demo.net\/quere\/?page_id=2234"},"modified":"2026-01-14T22:01:17","modified_gmt":"2026-01-14T22:01:17","slug":"blog","status":"publish","type":"page","link":"https:\/\/albaniahome.cz\/cs\/blog\/","title":{"rendered":"Blogu"},"content":{"rendered":"<div data-elementor-type=\"wp-page\" data-elementor-id=\"2234\" class=\"elementor elementor-2234\">\n\t\t\t\t\t\t<section class=\"elementor-section elementor-top-section elementor-element elementor-element-dd64782 elementor-section-boxed elementor-section-height-default elementor-section-height-default\" data-id=\"dd64782\" data-element_type=\"section\" data-e-type=\"section\">\n\t\t\t\t\t\t<div class=\"elementor-container elementor-column-gap-default\">\n\t\t\t\t\t<div class=\"elementor-column elementor-col-66 elementor-top-column elementor-element elementor-element-6d426ec\" data-id=\"6d426ec\" data-element_type=\"column\" data-e-type=\"column\">\n\t\t\t<div class=\"elementor-widget-wrap elementor-element-populated\">\n\t\t\t\t\t\t<div class=\"elementor-element elementor-element-6d79b76 aleft elementor-widget elementor-widget-wgl-double-heading\" data-id=\"6d79b76\" data-element_type=\"widget\" data-e-type=\"widget\" data-widget_type=\"wgl-double-heading.default\">\n\t\t\t\t<div class=\"elementor-widget-container\">\n\t\t\t\t\t<div class=\"wgl-double-heading\"><div class=\"dblh__subtitle\">Blogu<\/div><div class=\"dblh__wrapper\"><h3 class=\"dblh__title-wrapper\"><span class=\"dblh__title dblh__title-1\">O nemovitostech a \u017eivot\u011b<\/span><span class=\"dblh__title dblh__title-2\"> v Alb\u00e1nii<\/span><\/h3><\/div><\/div>\t\t\t\t<\/div>\n\t\t\t\t<\/div>\n\t\t\t\t\t<\/div>\n\t\t<\/div>\n\t\t\t\t<div class=\"elementor-column elementor-col-33 elementor-top-column elementor-element elementor-element-856a801\" data-id=\"856a801\" data-element_type=\"column\" data-e-type=\"column\">\n\t\t\t<div class=\"elementor-widget-wrap elementor-element-populated\">\n\t\t\t\t\t\t<div class=\"elementor-element elementor-element-22ffb1c aright a-mobileleft elementor-widget elementor-widget-wgl-button\" data-id=\"22ffb1c\" data-element_type=\"widget\" data-e-type=\"widget\" data-widget_type=\"wgl-button.default\">\n\t\t\t\t<div class=\"elementor-widget-container\">\n\t\t\t\t\t<a class=\"wgl-button btn-size-lg\" role=\"button\" href=\"https:\/\/albaniahome.cz\/cs\/kontakt\/\"><div class=\"button__content\"><span class=\"button__text\">V\u00edce info<\/span><\/div><\/a>\t\t\t\t<\/div>\n\t\t\t\t<\/div>\n\t\t\t\t\t<\/div>\n\t\t<\/div>\n\t\t\t\t\t<\/div>\n\t\t<\/section>\n\t\t\t\t<section class=\"elementor-section elementor-top-section elementor-element elementor-element-92f6998 elementor-section-boxed elementor-section-height-default elementor-section-height-default\" data-id=\"92f6998\" data-element_type=\"section\" data-e-type=\"section\">\n\t\t\t\t\t\t<div class=\"elementor-container elementor-column-gap-default\">\n\t\t\t\t\t<div class=\"elementor-column elementor-col-100 elementor-top-column elementor-element elementor-element-46165b7\" data-id=\"46165b7\" data-element_type=\"column\" data-e-type=\"column\">\n\t\t\t<div class=\"elementor-widget-wrap elementor-element-populated\">\n\t\t\t\t\t\t<div class=\"elementor-element elementor-element-0ae3530 elementor-widget elementor-widget-spacer\" data-id=\"0ae3530\" data-element_type=\"widget\" data-e-type=\"widget\" data-widget_type=\"spacer.default\">\n\t\t\t\t\t\t\t<div class=\"elementor-spacer\">\n\t\t\t<div class=\"elementor-spacer-inner\"><\/div>\n\t\t<\/div>\n\t\t\t\t\t\t<\/div>\n\t\t\t\t<div class=\"elementor-element elementor-element-efabdcb button_center elementor-widget__width-initial elementor-widget-mobile__width-inherit aleft elementor-widget-image-box wgl-image-box elementor-view-default elementor-invisible elementor-widget elementor-widget-wgl-info-box\" data-id=\"efabdcb\" data-element_type=\"widget\" data-e-type=\"widget\" data-settings=\"{&quot;_animation&quot;:&quot;fadeIn&quot;}\" data-widget_type=\"wgl-info-box.default\">\n\t\t\t\t<div class=\"elementor-widget-container\">\n\t\t\t\t\t<div class=\"wgl-infobox\"><a class=\"wgl-infobox__link\" href=\"https:\/\/albaniahome.cz\/cs\/proc-investovat-v-albanii\/\"><\/a><div class=\"wgl-infobox_wrapper wgl-layout-top\"><div class=\"media-wrapper img-wrapper\"><figure class=\"wgl-image-box_img\"><span ><img fetchpriority=\"high\" decoding=\"async\" width=\"1170\" height=\"700\" src=\"https:\/\/albaniahome.cz\/wp-content\/uploads\/2023\/08\/property-4.jpg\" class=\"attachment-full size-full wp-image-3494\" alt=\"Albania Home\" srcset=\"https:\/\/albaniahome.cz\/wp-content\/uploads\/2023\/08\/property-4.jpg 1170w, https:\/\/albaniahome.cz\/wp-content\/uploads\/2023\/08\/property-4-300x179.jpg 300w, https:\/\/albaniahome.cz\/wp-content\/uploads\/2023\/08\/property-4-1024x613.jpg 1024w, https:\/\/albaniahome.cz\/wp-content\/uploads\/2023\/08\/property-4-768x459.jpg 768w\" sizes=\"(max-width: 1170px) 100vw, 1170px\"><\/span><\/figure><\/div><div class=\"content_wrapper\"><div class=\"wgl-infobox-title_wrapper\"><h3 class=\"wgl-infobox_title\"><span class=\"wgl-infobox_title-idle\">T\u0159i nej\u017e\u00e1dan\u011bj\u0161\u00ed m\u00edsta pro \u017eivot i investici v Alb\u00e1nii<\/span><\/h3><\/div><div class=\"wgl-infobox_content\"><p>Pokud uva\u017eujete o koupi nemovitosti v Alb\u00e1nii, mezi nejvyhled\u00e1van\u011bj\u0161\u00ed lokality pat\u0159\u00ed Vlora, Durr\u00ebs a Saranda.<\/p><\/div><div class=\"wgl-infobox_footer_wrapper\"><div class=\"wgl-infobox_footer_text\">1<\/div><div class=\"wgl-infobox_footer_separator\"><\/div><\/div><\/div><div class=\"wgl-infobox-button_wrapper\"><div  class=\"wgl-infobox_button wgl-button  align-icon-left\"><span>\u010c\u00edst D\u00e1le<\/span><\/div><\/div><\/div><\/div>\t\t\t\t<\/div>\n\t\t\t\t<\/div>\n\t\t\t\t<div class=\"elementor-element elementor-element-2f2deae button_center elementor-widget__width-initial elementor-widget-mobile__width-inherit aleft elementor-widget-image-box wgl-image-box elementor-view-default elementor-invisible elementor-widget elementor-widget-wgl-info-box\" data-id=\"2f2deae\" data-element_type=\"widget\" data-e-type=\"widget\" data-settings=\"{&quot;_animation&quot;:&quot;fadeIn&quot;,&quot;_animation_delay&quot;:300}\" data-widget_type=\"wgl-info-box.default\">\n\t\t\t\t<div class=\"elementor-widget-container\">\n\t\t\t\t\t<div class=\"wgl-infobox\"><a class=\"wgl-infobox__link\" href=\"https:\/\/albaniahome.cz\/cs\/vlora\/\"><\/a><div class=\"wgl-infobox_wrapper wgl-layout-top\"><div class=\"media-wrapper img-wrapper\"><figure class=\"wgl-image-box_img\"><span ><img decoding=\"async\" width=\"1170\" height=\"700\" src=\"https:\/\/albaniahome.cz\/wp-content\/uploads\/2023\/08\/property-9.jpg\" class=\"attachment-full size-full wp-image-3499\" alt=\"Albania Home\" srcset=\"https:\/\/albaniahome.cz\/wp-content\/uploads\/2023\/08\/property-9.jpg 1170w, https:\/\/albaniahome.cz\/wp-content\/uploads\/2023\/08\/property-9-300x179.jpg 300w, https:\/\/albaniahome.cz\/wp-content\/uploads\/2023\/08\/property-9-1024x613.jpg 1024w, https:\/\/albaniahome.cz\/wp-content\/uploads\/2023\/08\/property-9-768x459.jpg 768w\" sizes=\"(max-width: 1170px) 100vw, 1170px\"><\/span><\/figure><\/div><div class=\"content_wrapper\"><div class=\"wgl-infobox-title_wrapper\"><h3 class=\"wgl-infobox_title\"><span class=\"wgl-infobox_title-idle\">Vlora \u2013 spojen\u00ed dvou mo\u0159\u00ed, historie a p\u0159\u00edrody<\/span><\/h3><\/div><div class=\"wgl-infobox_content\"><p>Vlora se nach\u00e1z\u00ed na jihoz\u00e1padn\u00edm pob\u0159e\u017e\u00ed Alb\u00e1nie, v m\u00edst\u011b, kde se setk\u00e1v\u00e1 Jadersk\u00e9 a J\u00f3nsk\u00e9 mo\u0159e.<\/p><\/div><div class=\"wgl-infobox_footer_wrapper\"><div class=\"wgl-infobox_footer_text\">2<\/div><div class=\"wgl-infobox_footer_separator\"><\/div><\/div><\/div><div class=\"wgl-infobox-button_wrapper\"><div  class=\"wgl-infobox_button wgl-button  align-icon-left\"><span>\u010c\u00edst D\u00e1le<\/span><\/div><\/div><\/div><\/div>\t\t\t\t<\/div>\n\t\t\t\t<\/div>\n\t\t\t\t<div class=\"elementor-element elementor-element-b947f8f button_center elementor-widget__width-initial elementor-widget-mobile__width-inherit aleft elementor-widget-image-box wgl-image-box elementor-view-default elementor-invisible elementor-widget elementor-widget-wgl-info-box\" data-id=\"b947f8f\" data-element_type=\"widget\" data-e-type=\"widget\" data-settings=\"{&quot;_animation&quot;:&quot;fadeIn&quot;,&quot;_animation_delay&quot;:600}\" data-widget_type=\"wgl-info-box.default\">\n\t\t\t\t<div class=\"elementor-widget-container\">\n\t\t\t\t\t<div class=\"wgl-infobox\"><a class=\"wgl-infobox__link\" href=\"https:\/\/albaniahome.cz\/cs\/durres\/\"><\/a><div class=\"wgl-infobox_wrapper wgl-layout-top\"><div class=\"media-wrapper img-wrapper\"><figure class=\"wgl-image-box_img\"><span ><img decoding=\"async\" width=\"1170\" height=\"700\" src=\"https:\/\/albaniahome.cz\/wp-content\/uploads\/2023\/08\/property-5.jpg\" class=\"attachment-full size-full wp-image-3495\" alt=\"Albania Home\" srcset=\"https:\/\/albaniahome.cz\/wp-content\/uploads\/2023\/08\/property-5.jpg 1170w, https:\/\/albaniahome.cz\/wp-content\/uploads\/2023\/08\/property-5-300x179.jpg 300w, https:\/\/albaniahome.cz\/wp-content\/uploads\/2023\/08\/property-5-1024x613.jpg 1024w, https:\/\/albaniahome.cz\/wp-content\/uploads\/2023\/08\/property-5-768x459.jpg 768w\" sizes=\"(max-width: 1170px) 100vw, 1170px\"><\/span><\/figure><\/div><div class=\"content_wrapper\"><div class=\"wgl-infobox-title_wrapper\"><h3 class=\"wgl-infobox_title\"><span class=\"wgl-infobox_title-idle\">Durr\u00ebs \u2013 \u017eiv\u00e9 pob\u0159e\u017en\u00ed m\u011bsto bl\u00edzko Tirany<\/span><\/h3><\/div><div class=\"wgl-infobox_content\"><p>Durr\u00ebs pat\u0159\u00ed mezi nejstar\u0161\u00ed m\u011bsta Alb\u00e1nie a le\u017e\u00ed na pob\u0159e\u017e\u00ed Jadersk\u00e9ho mo\u0159e, pouh\u00fdch 30 kilometr\u016f od hlavn\u00edho m\u011bsta Tirany.<\/p><\/div><div class=\"wgl-infobox_footer_wrapper\"><div class=\"wgl-infobox_footer_text\">3<\/div><div class=\"wgl-infobox_footer_separator\"><\/div><\/div><\/div><div class=\"wgl-infobox-button_wrapper\"><div  class=\"wgl-infobox_button wgl-button  align-icon-left\"><span>\u010c\u00edst D\u00e1le<\/span><\/div><\/div><\/div><\/div>\t\t\t\t<\/div>\n\t\t\t\t<\/div>\n\t\t\t\t<div class=\"elementor-element elementor-element-a36d6be button_center elementor-widget__width-initial elementor-widget-mobile__width-inherit aleft elementor-widget-image-box wgl-image-box elementor-view-default elementor-invisible elementor-widget elementor-widget-wgl-info-box\" data-id=\"a36d6be\" data-element_type=\"widget\" data-e-type=\"widget\" data-settings=\"{&quot;_animation&quot;:&quot;fadeIn&quot;}\" data-widget_type=\"wgl-info-box.default\">\n\t\t\t\t<div class=\"elementor-widget-container\">\n\t\t\t\t\t<div class=\"wgl-infobox\"><a class=\"wgl-infobox__link\" href=\"https:\/\/albaniahome.cz\/cs\/sarande\/\"><\/a><div class=\"wgl-infobox_wrapper wgl-layout-top\"><div class=\"media-wrapper img-wrapper\"><figure class=\"wgl-image-box_img\"><span ><img loading=\"lazy\" decoding=\"async\" width=\"2560\" height=\"1748\" src=\"https:\/\/albaniahome.cz\/wp-content\/uploads\/2025\/12\/Ksamil-Beach-Albania-1-scaled-1.jpg\" class=\"attachment-full size-full wp-image-5762\" alt=\"Albania Home\" srcset=\"https:\/\/albaniahome.cz\/wp-content\/uploads\/2025\/12\/Ksamil-Beach-Albania-1-scaled-1.jpg 2560w, https:\/\/albaniahome.cz\/wp-content\/uploads\/2025\/12\/Ksamil-Beach-Albania-1-scaled-1-300x205.jpg 300w, https:\/\/albaniahome.cz\/wp-content\/uploads\/2025\/12\/Ksamil-Beach-Albania-1-scaled-1-1024x699.jpg 1024w, https:\/\/albaniahome.cz\/wp-content\/uploads\/2025\/12\/Ksamil-Beach-Albania-1-scaled-1-768x524.jpg 768w, https:\/\/albaniahome.cz\/wp-content\/uploads\/2025\/12\/Ksamil-Beach-Albania-1-scaled-1-1536x1049.jpg 1536w, https:\/\/albaniahome.cz\/wp-content\/uploads\/2025\/12\/Ksamil-Beach-Albania-1-scaled-1-2048x1398.jpg 2048w, https:\/\/albaniahome.cz\/wp-content\/uploads\/2025\/12\/Ksamil-Beach-Albania-1-scaled-1-18x12.jpg 18w\" sizes=\"(max-width: 2560px) 100vw, 2560px\"><\/span><\/figure><\/div><div class=\"content_wrapper\"><div class=\"wgl-infobox-title_wrapper\"><h3 class=\"wgl-infobox_title\"><span class=\"wgl-infobox_title-idle\">Saranda \u2013 perla J\u00f3nsk\u00e9ho mo\u0159e<\/span><\/h3><\/div><div class=\"wgl-infobox_content\"><p>M\u011bsto se py\u0161n\u00ed tyrkysov\u011b modr\u00fdm mo\u0159em, malebn\u00fdmi z\u00e1tokami a dlouhou pob\u0159e\u017en\u00ed promen\u00e1dou.<\/p><\/div><div class=\"wgl-infobox_footer_wrapper\"><div class=\"wgl-infobox_footer_text\">4<\/div><div class=\"wgl-infobox_footer_separator\"><\/div><\/div><\/div><div class=\"wgl-infobox-button_wrapper\"><div  class=\"wgl-infobox_button wgl-button  align-icon-left\"><span>\u010c\u00edst D\u00e1le<\/span><\/div><\/div><\/div><\/div>\t\t\t\t<\/div>\n\t\t\t\t<\/div>\n\t\t\t\t\t<\/div>\n\t\t<\/div>\n\t\t\t\t\t<\/div>\n\t\t<\/section>\n\t\t\t\t<section class=\"elementor-section elementor-top-section elementor-element elementor-element-95d9dc5 elementor-section-full_width elementor-section-height-default elementor-section-height-default\" data-id=\"95d9dc5\" data-element_type=\"section\" data-e-type=\"section\">\n\t\t\t\t\t\t<div class=\"elementor-container elementor-column-gap-no\">\n\t\t\t\t\t<div class=\"elementor-column elementor-col-100 elementor-top-column elementor-element elementor-element-262317b\" data-id=\"262317b\" data-element_type=\"column\" data-e-type=\"column\">\n\t\t\t<div class=\"elementor-widget-wrap elementor-element-populated\">\n\t\t\t\t\t\t<div class=\"elementor-element elementor-element-8325386 elementor-widget elementor-widget-spacer\" data-id=\"8325386\" data-element_type=\"widget\" data-e-type=\"widget\" data-widget_type=\"spacer.default\">\n\t\t\t\t\t\t\t<div class=\"elementor-spacer\">\n\t\t\t<div class=\"elementor-spacer-inner\"><\/div>\n\t\t<\/div>\n\t\t\t\t\t\t<\/div>\n\t\t\t\t<div class=\"elementor-element elementor-element-30593d7 elementor-widget elementor-widget-spacer\" data-id=\"30593d7\" data-element_type=\"widget\" data-e-type=\"widget\" data-widget_type=\"spacer.default\">\n\t\t\t\t\t\t\t<div class=\"elementor-spacer\">\n\t\t\t<div class=\"elementor-spacer-inner\"><\/div>\n\t\t<\/div>\n\t\t\t\t\t\t<\/div>\n\t\t\t\t\t<\/div>\n\t\t<\/div>\n\t\t\t\t\t<\/div>\n\t\t<\/section>\n\t\t\t\t<\/div>","protected":false},"excerpt":{"rendered":"<p>Blog About real estate and life in Albania More info The three most desirable places to live and invest in Albania If you are considering buying property in Albania, the most sought-after locations include Vlora, Durr\u00ebs and Saranda. 1Read more Vlora \u2013 a fusion of two seas, history and nature Vlora is located on the [&hellip;]<\/p>\n","protected":false},"author":1,"featured_media":0,"parent":0,"menu_order":0,"comment_status":"closed","ping_status":"closed","template":"","meta":{"footnotes":""},"class_list":["post-2234","page","type-page","status-publish","hentry"],"meta_box":{"mb_page_sidebar_layout":"default","mb_page_sidebar_def":"","mb_page_sidebar_def_width":"9","mb_sticky_sidebar":"0","mb_sidebar_gap":"def","mb_customize_side_panel":"default","mb_side_panel_building_tool":"widgets","mb_side_panel_page_select":"","mb_side_panel_spacing":{"margin-top":"","margin-right":"","margin-bottom":"","margin-left":""},"mb_side_panel_title_color":"#ffffff","mb_side_panel_text_color":"#232323","mb_side_panel_bg":"rgba(35,35,35,1)","mb_side_panel_text_alignment":"left","mb_side_panel_width":"","mb_side_panel_position":"right","mb_customize_soc_shares":"default","mb_soc_icon_style":"standard","mb_soc_icon_offset":"250","mb_soc_icon_offset_units":"pixel","mb_soc_icon_facebook":"0","mb_soc_icon_twitter":"0","mb_soc_icon_linkedin":"0","mb_soc_icon_pinterest":"0","mb_soc_icon_tumblr":"0","mb_footer_switch":"default","mb_footer_building_tool":"elementor","mb_footer_page_select":"","mb_footer_spacing":{"padding-top":"0","padding-right":"0","padding-bottom":"0","padding-left":"0"},"mb_footer_bg":{"repeat":"","size":"","attachment":"","position":"","image":"","color":""},"mb_footer_add_border":"0","mb_footer_border_color":"#e5e5e5","mb_copyright_switch":"default","mb_copyright_editor":"Copyright \u00a9 2023 Quere by WebGeniusLab. All Rights Reserved","mb_copyright_text_color":"#888888","mb_copyright_bg_color":"#000000","mb_copyright_spacing":{"padding-top":"20px","padding-bottom":"20px"}},"_links":{"self":[{"href":"https:\/\/albaniahome.cz\/cs\/wp-json\/wp\/v2\/pages\/2234","targetHints":{"allow":["GET"]}}],"collection":[{"href":"https:\/\/albaniahome.cz\/cs\/wp-json\/wp\/v2\/pages"}],"about":[{"href":"https:\/\/albaniahome.cz\/cs\/wp-json\/wp\/v2\/types\/page"}],"author":[{"embeddable":true,"href":"https:\/\/albaniahome.cz\/cs\/wp-json\/wp\/v2\/users\/1"}],"replies":[{"embeddable":true,"href":"https:\/\/albaniahome.cz\/cs\/wp-json\/wp\/v2\/comments?post=2234"}],"version-history":[{"count":71,"href":"https:\/\/albaniahome.cz\/cs\/wp-json\/wp\/v2\/pages\/2234\/revisions"}],"predecessor-version":[{"id":6346,"href":"https:\/\/albaniahome.cz\/cs\/wp-json\/wp\/v2\/pages\/2234\/revisions\/6346"}],"wp:attachment":[{"href":"https:\/\/albaniahome.cz\/cs\/wp-json\/wp\/v2\/media?parent=2234"}],"curies":[{"name":"wp","href":"https:\/\/api.w.org\/{rel}","templated":true}]}}