{"id":2300,"date":"2023-08-07T10:24:11","date_gmt":"2023-08-07T10:24:11","guid":{"rendered":"https:\/\/wgl-demo.net\/quere\/?page_id=2300"},"modified":"2026-04-17T10:52:26","modified_gmt":"2026-04-17T10:52:26","slug":"about-us","status":"publish","type":"page","link":"https:\/\/albaniahome.cz\/cs\/about-us\/","title":{"rendered":"O n\u00e1s"},"content":{"rendered":"<div data-elementor-type=\"wp-page\" data-elementor-id=\"2300\" class=\"elementor elementor-2300\">\n\t\t\t\t<div class=\"elementor-element elementor-element-5290be7 e-flex e-con-boxed e-con e-parent\" data-id=\"5290be7\" data-element_type=\"container\" data-e-type=\"container\">\n\t\t\t\t\t<div class=\"e-con-inner\">\n\t\t\t\t<div class=\"elementor-element elementor-element-10fe003 elementor-widget elementor-widget-text-editor\" data-id=\"10fe003\" data-element_type=\"widget\" data-e-type=\"widget\" data-widget_type=\"text-editor.default\">\n\t\t\t\t\t\t\t\t\t<h2>Moje cesta na realitn\u00ed trh<\/h2>\t\t\t\t\t\t\t\t<\/div>\n\t\t\t\t\t<\/div>\n\t\t\t\t<\/div>\n\t\t<div class=\"elementor-element elementor-element-befd1dd e-flex e-con-boxed e-con e-parent\" data-id=\"befd1dd\" data-element_type=\"container\" data-e-type=\"container\">\n\t\t\t\t\t<div class=\"e-con-inner\">\n\t\t\t\t<div class=\"elementor-element elementor-element-90428ae elementor-widget elementor-widget-text-editor\" data-id=\"90428ae\" data-element_type=\"widget\" data-e-type=\"widget\" data-widget_type=\"text-editor.default\">\n\t\t\t\t\t\t\t\t\t<h3><em>v Alb\u00e1nii<\/em><\/h3>\t\t\t\t\t\t\t\t<\/div>\n\t\t\t\t\t<\/div>\n\t\t\t\t<\/div>\n\t\t<div class=\"elementor-element elementor-element-9123b21 e-flex e-con-boxed e-con e-parent\" data-id=\"9123b21\" data-element_type=\"container\" data-e-type=\"container\">\n\t\t\t\t\t<div class=\"e-con-inner\">\n\t\t\t\t<div class=\"elementor-element elementor-element-a0f04bd elementor-widget elementor-widget-spacer\" data-id=\"a0f04bd\" data-element_type=\"widget\" data-e-type=\"widget\" data-widget_type=\"spacer.default\">\n\t\t\t\t\t\t\t<div class=\"elementor-spacer\">\n\t\t\t<div class=\"elementor-spacer-inner\"><\/div>\n\t\t<\/div>\n\t\t\t\t\t\t<\/div>\n\t\t\t\t\t<\/div>\n\t\t\t\t<\/div>\n\t\t<div class=\"elementor-element elementor-element-cede0de e-con-full e-flex e-con e-parent\" data-id=\"cede0de\" data-element_type=\"container\" data-e-type=\"container\">\n\t\t\t\t<div class=\"elementor-element elementor-element-6fd0210 elementor-widget__width-initial elementor-widget elementor-widget-text-editor\" data-id=\"6fd0210\" data-element_type=\"widget\" data-e-type=\"widget\" data-widget_type=\"text-editor.default\">\n\t\t\t\t\t\t\t\t\t<p data-start=\"97\" data-end=\"264\">Moje profesn\u00ed cesta za\u010dala v kancel\u00e1\u0159sk\u00e9m prost\u0159ed\u00ed, kde jsem si osvojila <strong>preciznost, d\u016fslednost a smysl pro detail.<\/strong> Pr\u00e1v\u011b tyto z\u00e1klady dnes uplat\u0148uji v realit\u00e1ch.<\/p><p data-start=\"266\" data-end=\"478\">Po p\u0159est\u011bhov\u00e1n\u00ed do Alb\u00e1nie<strong> jsem se nau\u010dila jazyk<\/strong> a za\u010dala pom\u00e1hat klient\u016fm z \u010ceska s hled\u00e1n\u00edm nemovitost\u00ed. Z t\u00e9to p\u0159irozen\u00e9 pomoci <strong>se n\u00e1sledn\u011b stal stabiln\u00ed byznys<\/strong> zalo\u017een\u00fd na jejich osobn\u00edch doporu\u010den\u00edch.<\/p><p data-start=\"266\" data-end=\"478\">V\u00edce <strong>ne\u017e 10 let \u017eivota<\/strong> v Alb\u00e1nii mi d\u00e1v\u00e1 <strong>hlubokou znalost<\/strong> m\u00edstn\u00edho <strong>trhu,<\/strong>prost\u0159ed\u00ed i legislativy. <strong>D\u00edky plynul\u00e9 alb\u00e1n\u0161tin\u011b<\/strong> zaji\u0161\u0165uji p\u0159\u00edmou komunikaci s majiteli, \u00fa\u0159ady i developery a klient\u016fm tak \u0161et\u0159\u00edm \u010das, pen\u00edze i zbyte\u010dn\u00e9 komplikace.<\/p>\t\t\t\t\t\t\t\t<\/div>\n\t\t\t\t<div class=\"elementor-element elementor-element-c8a19f7 elementor-widget__width-initial elementor-widget elementor-widget-image\" data-id=\"c8a19f7\" data-element_type=\"widget\" data-e-type=\"widget\" data-widget_type=\"image.default\">\n\t\t\t\t\t\t\t\t\t\t\t\t\t\t\t<img fetchpriority=\"high\" decoding=\"async\" width=\"445\" height=\"464\" src=\"https:\/\/albaniahome.cz\/wp-content\/uploads\/2025\/12\/267dfd8a-29d6-4f38-b103-0ab8c5cdeff9.jpg\" class=\"attachment-large size-large wp-image-5725\" alt=\"Albania Home\" srcset=\"https:\/\/albaniahome.cz\/wp-content\/uploads\/2025\/12\/267dfd8a-29d6-4f38-b103-0ab8c5cdeff9.jpg 445w, https:\/\/albaniahome.cz\/wp-content\/uploads\/2025\/12\/267dfd8a-29d6-4f38-b103-0ab8c5cdeff9-288x300.jpg 288w, https:\/\/albaniahome.cz\/wp-content\/uploads\/2025\/12\/267dfd8a-29d6-4f38-b103-0ab8c5cdeff9-12x12.jpg 12w\" sizes=\"(max-width: 445px) 100vw, 445px\">\t\t\t\t\t\t\t\t\t\t\t\t\t\t\t<\/div>\n\t\t\t\t<\/div>\n\t\t<div class=\"elementor-element elementor-element-8d4f80c e-flex e-con-boxed e-con e-parent\" data-id=\"8d4f80c\" data-element_type=\"container\" data-e-type=\"container\">\n\t\t\t\t\t<div class=\"e-con-inner\">\n\t\t\t\t<div class=\"elementor-element elementor-element-c89c8eb elementor-widget__width-initial elementor-widget elementor-widget-spacer\" data-id=\"c89c8eb\" data-element_type=\"widget\" data-e-type=\"widget\" data-widget_type=\"spacer.default\">\n\t\t\t\t\t\t\t<div class=\"elementor-spacer\">\n\t\t\t<div class=\"elementor-spacer-inner\"><\/div>\n\t\t<\/div>\n\t\t\t\t\t\t<\/div>\n\t\t\t\t\t<\/div>\n\t\t\t\t<\/div>\n\t\t<div class=\"elementor-element elementor-element-8cd0e60 e-con-full e-flex e-con e-parent\" data-id=\"8cd0e60\" data-element_type=\"container\" data-e-type=\"container\">\n\t\t<div class=\"elementor-element elementor-element-0d98444 e-con-full e-flex e-con e-child\" data-id=\"0d98444\" data-element_type=\"container\" data-e-type=\"container\">\n\t\t\t\t<div class=\"elementor-element elementor-element-db9de96 elementor-widget__width-initial elementor-widget elementor-widget-image\" data-id=\"db9de96\" data-element_type=\"widget\" data-e-type=\"widget\" data-widget_type=\"image.default\">\n\t\t\t\t\t\t\t\t\t\t\t\t\t\t\t<img decoding=\"async\" width=\"1024\" height=\"613\" src=\"https:\/\/albaniahome.cz\/wp-content\/uploads\/2023\/08\/property-9-1024x613.jpg\" class=\"attachment-large size-large wp-image-3499\" alt=\"Albania Home\" srcset=\"https:\/\/albaniahome.cz\/wp-content\/uploads\/2023\/08\/property-9-1024x613.jpg 1024w, https:\/\/albaniahome.cz\/wp-content\/uploads\/2023\/08\/property-9-300x179.jpg 300w, https:\/\/albaniahome.cz\/wp-content\/uploads\/2023\/08\/property-9-768x459.jpg 768w, https:\/\/albaniahome.cz\/wp-content\/uploads\/2023\/08\/property-9.jpg 1170w\" sizes=\"(max-width: 1024px) 100vw, 1024px\">\t\t\t\t\t\t\t\t\t\t\t\t\t\t\t<\/div>\n\t\t\t\t<\/div>\n\t\t\t\t<div class=\"elementor-element elementor-element-6947b1f elementor-widget__width-initial elementor-widget elementor-widget-text-editor\" data-id=\"6947b1f\" data-element_type=\"widget\" data-e-type=\"widget\" data-widget_type=\"text-editor.default\">\n\t\t\t\t\t\t\t\t\t<p data-start=\"844\" data-end=\"1011\">Alb\u00e1nie dnes pat\u0159\u00ed mezi nejzaj\u00edmav\u011bj\u0161\u00ed <strong>investi\u010dn\u00ed destinace<\/strong> v Evrop\u011b. \u00dasp\u011bch zde ale stoj\u00ed na <strong>spr\u00e1vn\u00fdch informac\u00edch<\/strong> a lok\u00e1ln\u00edch zku\u0161enostech.<\/p><h6 data-start=\"1013\" data-end=\"1135\"><strong>Klienty prov\u00e1z\u00edm cel\u00fdm procesem<\/strong><\/h6><p data-start=\"1013\" data-end=\"1135\">\u2013 od v\u00fdb\u011bru nemovitosti a\u017e po orientaci v zemi po jej\u00edm po\u0159\u00edzen\u00ed.<\/p>\t\t\t\t\t\t\t\t<\/div>\n\t\t\t\t<\/div>\n\t\t<div class=\"elementor-element elementor-element-bd7570b e-flex e-con-boxed e-con e-parent\" data-id=\"bd7570b\" data-element_type=\"container\" data-e-type=\"container\">\n\t\t\t\t\t<div class=\"e-con-inner\">\n\t\t\t\t<div class=\"elementor-element elementor-element-a579ff7 elementor-widget elementor-widget-spacer\" data-id=\"a579ff7\" data-element_type=\"widget\" data-e-type=\"widget\" data-widget_type=\"spacer.default\">\n\t\t\t\t\t\t\t<div class=\"elementor-spacer\">\n\t\t\t<div class=\"elementor-spacer-inner\"><\/div>\n\t\t<\/div>\n\t\t\t\t\t\t<\/div>\n\t\t\t\t\t<\/div>\n\t\t\t\t<\/div>\n\t\t<div class=\"elementor-element elementor-element-9c3e699 e-flex e-con-boxed e-con e-parent\" data-id=\"9c3e699\" data-element_type=\"container\" data-e-type=\"container\">\n\t\t\t\t\t<div class=\"e-con-inner\">\n\t\t\t\t<div class=\"elementor-element elementor-element-acce717 elementor-widget elementor-widget-spacer\" data-id=\"acce717\" data-element_type=\"widget\" data-e-type=\"widget\" data-widget_type=\"spacer.default\">\n\t\t\t\t\t\t\t<div class=\"elementor-spacer\">\n\t\t\t<div class=\"elementor-spacer-inner\"><\/div>\n\t\t<\/div>\n\t\t\t\t\t\t<\/div>\n\t\t\t\t\t<\/div>\n\t\t\t\t<\/div>\n\t\t<div class=\"elementor-element elementor-element-3149937 e-flex e-con-boxed e-con e-parent\" data-id=\"3149937\" data-element_type=\"container\" data-e-type=\"container\">\n\t\t\t\t\t<div class=\"e-con-inner\">\n\t\t<div class=\"elementor-element elementor-element-55aca2b e-con-full e-flex e-con e-child\" data-id=\"55aca2b\" data-element_type=\"container\" data-e-type=\"container\">\n\t\t\t\t<div class=\"elementor-element elementor-element-90b9157 elementor-widget elementor-widget-text-editor\" data-id=\"90b9157\" data-element_type=\"widget\" data-e-type=\"widget\" data-widget_type=\"text-editor.default\">\n\t\t\t\t\t\t\t\t\t<h6>Zjist\u011bte v\u00edce o na\u0161ich slu\u017eb\u00e1ch\u00a0<\/h6>\t\t\t\t\t\t\t\t<\/div>\n\t\t\t\t<\/div>\n\t\t<div class=\"elementor-element elementor-element-afbe551 e-con-full e-flex e-con e-child\" data-id=\"afbe551\" data-element_type=\"container\" data-e-type=\"container\">\n\t\t\t\t<div class=\"elementor-element elementor-element-7bf15f5 elementor-widget elementor-widget-button\" data-id=\"7bf15f5\" data-element_type=\"widget\" data-e-type=\"widget\" data-widget_type=\"button.default\">\n\t\t\t\t\t\t\t\t\t\t<a class=\"elementor-button elementor-button-link elementor-size-sm\" href=\"https:\/\/albaniahome.cz\/cs\/nase-sluzby\/\">\n\t\t\t\t\t\t<span class=\"elementor-button-content-wrapper\">\n\t\t\t\t\t\t\t\t\t<span class=\"elementor-button-text\">Na\u0161e slu\u017eby <\/span>\n\t\t\t\t\t<\/span>\n\t\t\t\t\t<\/a>\n\t\t\t\t\t\t\t\t<\/div>\n\t\t\t\t<\/div>\n\t\t\t\t\t<\/div>\n\t\t\t\t<\/div>\n\t\t<div class=\"elementor-element elementor-element-b398adc e-flex e-con-boxed e-con e-parent\" data-id=\"b398adc\" data-element_type=\"container\" data-e-type=\"container\">\n\t\t\t\t\t<div class=\"e-con-inner\">\n\t\t\t\t<div class=\"elementor-element elementor-element-1925e01 elementor-widget elementor-widget-spacer\" data-id=\"1925e01\" data-element_type=\"widget\" data-e-type=\"widget\" data-widget_type=\"spacer.default\">\n\t\t\t\t\t\t\t<div class=\"elementor-spacer\">\n\t\t\t<div class=\"elementor-spacer-inner\"><\/div>\n\t\t<\/div>\n\t\t\t\t\t\t<\/div>\n\t\t\t\t\t<\/div>\n\t\t\t\t<\/div>\n\t\t<div class=\"elementor-element elementor-element-6086174 e-con-full e-flex e-con e-parent\" data-id=\"6086174\" data-element_type=\"container\" data-e-type=\"container\">\n\t\t<div class=\"elementor-element elementor-element-904e12f e-con-full e-flex e-con e-child\" data-id=\"904e12f\" data-element_type=\"container\" data-e-type=\"container\">\n\t\t\t\t<div class=\"elementor-element elementor-element-3a7eb75 elementor-widget elementor-widget-text-editor\" data-id=\"3a7eb75\" data-element_type=\"widget\" data-e-type=\"widget\" data-widget_type=\"text-editor.default\">\n\t\t\t\t\t\t\t\t\t<h4 data-start=\"1137\" data-end=\"1158\">\u00a0<\/h4><h5 data-start=\"1137\" data-end=\"1158\"><em><strong data-start=\"1137\" data-end=\"1158\">Pro\u010d spolupracovat se mnou:<\/strong><\/em><\/h5><p>\u00a0<\/p><ul data-start=\"1159\" data-end=\"1340\"><li data-section-id=\"10uevgm\" data-start=\"1159\" data-end=\"1197\"><h6>10+ let zku\u0161enost\u00ed p\u0159\u00edmo v Alb\u00e1nii<\/h6><\/li><li data-section-id=\"q79z8k\" data-start=\"1198\" data-end=\"1245\"><h6>P\u0159\u00edm\u00e1 komunikace bez prost\u0159edn\u00edk\u016f<\/h6><\/li><li data-section-id=\"19dxkxs\" data-start=\"1246\" data-end=\"1302\"><h6>Znalost trhu, legislativy i m\u00edstn\u00edho prost\u0159ed\u00ed<\/h6><\/li><li data-section-id=\"tj6l63\" data-start=\"1303\" data-end=\"1340\"><h6>M\u00e1m osobn\u00ed a transparentn\u00ed p\u0159\u00edstup<\/h6><\/li><\/ul>\t\t\t\t\t\t\t\t<\/div>\n\t\t\t\t<\/div>\n\t\t<div class=\"elementor-element elementor-element-2ac49a0 e-con-full e-flex e-con e-child\" data-id=\"2ac49a0\" data-element_type=\"container\" data-e-type=\"container\">\n\t\t\t\t<div class=\"elementor-element elementor-element-b29b2e2 elementor-widget__width-initial elementor-widget elementor-widget-image\" data-id=\"b29b2e2\" data-element_type=\"widget\" data-e-type=\"widget\" data-widget_type=\"image.default\">\n\t\t\t\t\t\t\t\t\t\t\t\t\t\t\t<img decoding=\"async\" width=\"880\" height=\"680\" src=\"https:\/\/albaniahome.cz\/wp-content\/uploads\/2023\/08\/tl-4.jpg\" class=\"attachment-large size-large wp-image-2317\" alt=\"Albania Home\" srcset=\"https:\/\/albaniahome.cz\/wp-content\/uploads\/2023\/08\/tl-4.jpg 880w, https:\/\/albaniahome.cz\/wp-content\/uploads\/2023\/08\/tl-4-300x232.jpg 300w, https:\/\/albaniahome.cz\/wp-content\/uploads\/2023\/08\/tl-4-768x593.jpg 768w\" sizes=\"(max-width: 880px) 100vw, 880px\">\t\t\t\t\t\t\t\t\t\t\t\t\t\t\t<\/div>\n\t\t\t\t<\/div>\n\t\t\t\t<\/div>\n\t\t<div class=\"elementor-element elementor-element-ef7d5eb e-flex e-con-boxed e-con e-parent\" data-id=\"ef7d5eb\" data-element_type=\"container\" data-e-type=\"container\">\n\t\t\t\t\t<div class=\"e-con-inner\">\n\t\t\t\t<div class=\"elementor-element elementor-element-ad84f09 elementor-widget elementor-widget-spacer\" data-id=\"ad84f09\" data-element_type=\"widget\" data-e-type=\"widget\" data-widget_type=\"spacer.default\">\n\t\t\t\t\t\t\t<div class=\"elementor-spacer\">\n\t\t\t<div class=\"elementor-spacer-inner\"><\/div>\n\t\t<\/div>\n\t\t\t\t\t\t<\/div>\n\t\t\t\t\t<\/div>\n\t\t\t\t<\/div>\n\t\t<div class=\"elementor-element elementor-element-883a679 e-flex e-con-boxed e-con e-parent\" data-id=\"883a679\" data-element_type=\"container\" data-e-type=\"container\">\n\t\t\t\t\t<div class=\"e-con-inner\">\n\t\t\t\t<div class=\"elementor-element elementor-element-c9cef1e elementor-widget elementor-widget-spacer\" data-id=\"c9cef1e\" data-element_type=\"widget\" data-e-type=\"widget\" data-widget_type=\"spacer.default\">\n\t\t\t\t\t\t\t<div class=\"elementor-spacer\">\n\t\t\t<div class=\"elementor-spacer-inner\"><\/div>\n\t\t<\/div>\n\t\t\t\t\t\t<\/div>\n\t\t\t\t\t<\/div>\n\t\t\t\t<\/div>\n\t\t<div class=\"elementor-element elementor-element-ef9dafd e-flex e-con-boxed e-con e-parent\" data-id=\"ef9dafd\" data-element_type=\"container\" data-e-type=\"container\">\n\t\t\t\t\t<div class=\"e-con-inner\">\n\t\t<div class=\"elementor-element elementor-element-95eaa4c e-con-full e-flex e-con e-child\" data-id=\"95eaa4c\" data-element_type=\"container\" data-e-type=\"container\">\n\t\t\t\t<div class=\"elementor-element elementor-element-a8d2a8a elementor-widget__width-initial elementor-widget elementor-widget-text-editor\" data-id=\"a8d2a8a\" data-element_type=\"widget\" data-e-type=\"widget\" data-widget_type=\"text-editor.default\">\n\t\t\t\t\t\t\t\t\t<p>R\u00e1da zodpov\u00edm jak\u00e9koli va\u0161e dotazy a poskytnu v\u00e1m v\u0161echny pot\u0159ebn\u00e9 informace.<\/p><p>Jsem tak\u00e9 naklon\u011bn\u00e1 jak\u00e9koli form\u011b spolupr\u00e1ce.<\/p>\t\t\t\t\t\t\t\t<\/div>\n\t\t\t\t<\/div>\n\t\t<div class=\"elementor-element elementor-element-35fad93 e-con-full e-flex e-con e-child\" data-id=\"35fad93\" data-element_type=\"container\" data-e-type=\"container\">\n\t\t\t\t<div class=\"elementor-element elementor-element-13e525d elementor-widget elementor-widget-button\" data-id=\"13e525d\" data-element_type=\"widget\" data-e-type=\"widget\" data-widget_type=\"button.default\">\n\t\t\t\t\t\t\t\t\t\t<a class=\"elementor-button elementor-button-link elementor-size-sm\" href=\"https:\/\/albaniahome.cz\/cs\/kontakt\/\">\n\t\t\t\t\t\t<span class=\"elementor-button-content-wrapper\">\n\t\t\t\t\t\t\t\t\t<span class=\"elementor-button-text\">Kontaktujte n\u00e1s <\/span>\n\t\t\t\t\t<\/span>\n\t\t\t\t\t<\/a>\n\t\t\t\t\t\t\t\t<\/div>\n\t\t\t\t<\/div>\n\t\t\t\t\t<\/div>\n\t\t\t\t<\/div>\n\t\t<div class=\"elementor-element elementor-element-a198fe0 e-flex e-con-boxed e-con e-parent\" data-id=\"a198fe0\" data-element_type=\"container\" data-e-type=\"container\">\n\t\t\t\t\t<div class=\"e-con-inner\">\n\t\t\t\t<div class=\"elementor-element elementor-element-c9fd0e8 elementor-widget elementor-widget-spacer\" data-id=\"c9fd0e8\" data-element_type=\"widget\" data-e-type=\"widget\" data-widget_type=\"spacer.default\">\n\t\t\t\t\t\t\t<div class=\"elementor-spacer\">\n\t\t\t<div class=\"elementor-spacer-inner\"><\/div>\n\t\t<\/div>\n\t\t\t\t\t\t<\/div>\n\t\t\t\t\t<\/div>\n\t\t\t\t<\/div>\n\t\t\t\t<\/div>","protected":false},"excerpt":{"rendered":"<p>My journey into the real estate market in Albania My professional journey began in an office environment, where I developed precision, consistency, and a strong attention to detail \u2014 skills I apply in real estate today. After moving to Albania, I learned the language and naturally began assisting Czech clients in finding properties. What started [&hellip;]<\/p>\n","protected":false},"author":1,"featured_media":0,"parent":0,"menu_order":0,"comment_status":"closed","ping_status":"closed","template":"","meta":{"footnotes":""},"class_list":["post-2300","page","type-page","status-publish","hentry"],"meta_box":{"mb_page_sidebar_layout":"default","mb_page_sidebar_def":"","mb_page_sidebar_def_width":"9","mb_sticky_sidebar":"0","mb_sidebar_gap":"def","mb_customize_side_panel":"default","mb_side_panel_building_tool":"widgets","mb_side_panel_page_select":"","mb_side_panel_spacing":{"margin-top":"","margin-right":"","margin-bottom":"","margin-left":""},"mb_side_panel_title_color":"#ffffff","mb_side_panel_text_color":"#232323","mb_side_panel_bg":"rgba(35,35,35,1)","mb_side_panel_text_alignment":"left","mb_side_panel_width":"","mb_side_panel_position":"right","mb_customize_soc_shares":"default","mb_soc_icon_style":"standard","mb_soc_icon_offset":"250","mb_soc_icon_offset_units":"pixel","mb_soc_icon_facebook":"0","mb_soc_icon_twitter":"0","mb_soc_icon_linkedin":"0","mb_soc_icon_pinterest":"0","mb_soc_icon_tumblr":"0","mb_footer_switch":"default","mb_footer_building_tool":"elementor","mb_footer_page_select":"","mb_footer_spacing":{"padding-top":"0","padding-right":"0","padding-bottom":"0","padding-left":"0"},"mb_footer_bg":{"repeat":"","size":"","attachment":"","position":"","image":"","color":""},"mb_footer_add_border":"0","mb_footer_border_color":"#e5e5e5","mb_copyright_switch":"default","mb_copyright_editor":"Copyright \u00a9 2023 Quere by WebGeniusLab. All Rights Reserved","mb_copyright_text_color":"#888888","mb_copyright_bg_color":"#000000","mb_copyright_spacing":{"padding-top":"20px","padding-bottom":"20px"}},"_links":{"self":[{"href":"https:\/\/albaniahome.cz\/cs\/wp-json\/wp\/v2\/pages\/2300","targetHints":{"allow":["GET"]}}],"collection":[{"href":"https:\/\/albaniahome.cz\/cs\/wp-json\/wp\/v2\/pages"}],"about":[{"href":"https:\/\/albaniahome.cz\/cs\/wp-json\/wp\/v2\/types\/page"}],"author":[{"embeddable":true,"href":"https:\/\/albaniahome.cz\/cs\/wp-json\/wp\/v2\/users\/1"}],"replies":[{"embeddable":true,"href":"https:\/\/albaniahome.cz\/cs\/wp-json\/wp\/v2\/comments?post=2300"}],"version-history":[{"count":214,"href":"https:\/\/albaniahome.cz\/cs\/wp-json\/wp\/v2\/pages\/2300\/revisions"}],"predecessor-version":[{"id":7632,"href":"https:\/\/albaniahome.cz\/cs\/wp-json\/wp\/v2\/pages\/2300\/revisions\/7632"}],"wp:attachment":[{"href":"https:\/\/albaniahome.cz\/cs\/wp-json\/wp\/v2\/media?parent=2300"}],"curies":[{"name":"wp","href":"https:\/\/api.w.org\/{rel}","templated":true}]}}