{"id":2544,"date":"2023-08-08T10:23:22","date_gmt":"2023-08-08T10:23:22","guid":{"rendered":"https:\/\/wgl-demo.net\/quere\/?page_id=2544"},"modified":"2026-04-13T13:23:05","modified_gmt":"2026-04-13T13:23:05","slug":"nase-sluzby","status":"publish","type":"page","link":"https:\/\/albaniahome.cz\/cs\/nase-sluzby\/","title":{"rendered":"Na\u0161e slu\u017eby"},"content":{"rendered":"<div data-elementor-type=\"wp-page\" data-elementor-id=\"2544\" class=\"elementor elementor-2544\">\n\t\t\t\t<div class=\"elementor-element elementor-element-38ab83a e-flex e-con-boxed e-con e-parent\" data-id=\"38ab83a\" data-element_type=\"container\" data-e-type=\"container\">\n\t\t\t\t\t<div class=\"e-con-inner\">\n\t\t<div class=\"elementor-element elementor-element-5ea9e01 e-con-full e-flex e-con e-child\" data-id=\"5ea9e01\" data-element_type=\"container\" data-e-type=\"container\">\n\t\t\t\t<div class=\"elementor-element elementor-element-27ecb99 elementor-widget__width-initial elementor-widget elementor-widget-image\" data-id=\"27ecb99\" data-element_type=\"widget\" data-e-type=\"widget\" data-widget_type=\"image.default\">\n\t\t\t\t\t\t\t\t\t\t\t\t\t\t\t<img fetchpriority=\"high\" decoding=\"async\" width=\"740\" height=\"980\" src=\"https:\/\/albaniahome.cz\/wp-content\/uploads\/2023\/08\/gallery_3-2.jpg\" class=\"attachment-large size-large wp-image-2203\" alt=\"Albania Home\" srcset=\"https:\/\/albaniahome.cz\/wp-content\/uploads\/2023\/08\/gallery_3-2.jpg 740w, https:\/\/albaniahome.cz\/wp-content\/uploads\/2023\/08\/gallery_3-2-227x300.jpg 227w\" sizes=\"(max-width: 740px) 100vw, 740px\">\t\t\t\t\t\t\t\t\t\t\t\t\t\t\t<\/div>\n\t\t\t\t<\/div>\n\t\t<div class=\"elementor-element elementor-element-d910476 e-con-full e-flex e-con e-child\" data-id=\"d910476\" data-element_type=\"container\" data-e-type=\"container\">\n\t\t<div class=\"elementor-element elementor-element-64da1d9 e-con-full e-flex e-con e-child\" data-id=\"64da1d9\" data-element_type=\"container\" data-e-type=\"container\">\n\t\t\t\t<div class=\"elementor-element elementor-element-35c3275 aleft elementor-widget elementor-widget-wgl-double-heading\" data-id=\"35c3275\" data-element_type=\"widget\" data-e-type=\"widget\" data-widget_type=\"wgl-double-heading.default\">\n\t\t\t\t<div class=\"elementor-widget-container\">\n\t\t\t\t\t<div class=\"wgl-double-heading\"><div class=\"dblh__wrapper\"><h3 class=\"dblh__title-wrapper\"><span class=\"dblh__title dblh__title-1\">NA\u0160E SLU\u017dBY<\/span><span class=\"dblh__title dblh__title-2\">Realitn\u00ed slu\u017eby<\/span><\/h3><\/div><\/div>\t\t\t\t<\/div>\n\t\t\t\t<\/div>\n\t\t\t\t<\/div>\n\t\t<div class=\"elementor-element elementor-element-8efff80 e-con-full e-flex e-con e-child\" data-id=\"8efff80\" data-element_type=\"container\" data-e-type=\"container\">\n\t\t\t\t<div class=\"elementor-element elementor-element-43341cc elementor-widget elementor-widget-text-editor\" data-id=\"43341cc\" data-element_type=\"widget\" data-e-type=\"widget\" data-widget_type=\"text-editor.default\">\n\t\t\t\t\t\t\t\t\t<p>\u00a0<\/p><ul><li><h6>Vyhled\u00e1n\u00ed vhodn\u00e9 nemovitosti dle va\u0161ich po\u017eadavk\u016f<\/h6><\/li><li><h6>Kompletn\u00ed asistence p\u0159i koupi a prodeji nemovitosti<\/h6><\/li><li><h6>Pr\u00e1vn\u00ed servis a vy\u0159\u00edzen\u00ed ve\u0161ker\u00e9 dokumentace<\/h6><\/li><li><h6>Komunikace s \u00fa\u0159ady, not\u00e1\u0159em a katastrem<\/h6><\/li><li><h6>Tlumo\u010den\u00ed a doprovod p\u0159i jedn\u00e1n\u00edch<\/h6><\/li><li><h6>Odborn\u00e9 poradenstv\u00ed p\u0159i investici<\/h6><\/li><\/ul>\t\t\t\t\t\t\t\t<\/div>\n\t\t\t\t<\/div>\n\t\t\t\t<\/div>\n\t\t\t\t\t<\/div>\n\t\t\t\t<\/div>\n\t\t<div class=\"elementor-element elementor-element-181e204 e-flex e-con-boxed e-con e-parent\" data-id=\"181e204\" data-element_type=\"container\" data-e-type=\"container\">\n\t\t\t\t\t<div class=\"e-con-inner\">\n\t\t\t\t<div class=\"elementor-element elementor-element-6ae59cf elementor-widget elementor-widget-spacer\" data-id=\"6ae59cf\" data-element_type=\"widget\" data-e-type=\"widget\" data-widget_type=\"spacer.default\">\n\t\t\t\t\t\t\t<div class=\"elementor-spacer\">\n\t\t\t<div class=\"elementor-spacer-inner\"><\/div>\n\t\t<\/div>\n\t\t\t\t\t\t<\/div>\n\t\t\t\t\t<\/div>\n\t\t\t\t<\/div>\n\t\t<div class=\"elementor-element elementor-element-c7bc314 e-flex e-con-boxed e-con e-parent\" data-id=\"c7bc314\" data-element_type=\"container\" data-e-type=\"container\">\n\t\t\t\t\t<div class=\"e-con-inner\">\n\t\t<div class=\"elementor-element elementor-element-f634b4a e-con-full e-flex e-con e-child\" data-id=\"f634b4a\" data-element_type=\"container\" data-e-type=\"container\">\n\t\t\t\t<\/div>\n\t\t<div class=\"elementor-element elementor-element-558983c e-con-full e-flex e-con e-child\" data-id=\"558983c\" data-element_type=\"container\" data-e-type=\"container\">\n\t\t\t\t<div class=\"elementor-element elementor-element-9d2d6d5 elementor-widget__width-initial elementor-widget elementor-widget-text-editor\" data-id=\"9d2d6d5\" data-element_type=\"widget\" data-e-type=\"widget\" data-widget_type=\"text-editor.default\">\n\t\t\t\t\t\t\t\t\t<ul><li><h6>Renovace a rekonstrukce na m\u00edru<\/h6><\/li><li><h6>P\u0159estavby, modernizace a \u00fapravy interi\u00e9r\u016f<\/h6><\/li><li><h6>Spolupr\u00e1ce s ov\u011b\u0159en\u00fdmi \u0159emesln\u00edky a dodavateli<\/h6><\/li><li><h6>Dohled nad pr\u016fb\u011bhem prac\u00ed<\/h6><\/li><\/ul>\t\t\t\t\t\t\t\t<\/div>\n\t\t\t\t<\/div>\n\t\t\t\t\t<\/div>\n\t\t\t\t<\/div>\n\t\t<div class=\"elementor-element elementor-element-ba972dd e-flex e-con-boxed e-con e-parent\" data-id=\"ba972dd\" data-element_type=\"container\" data-e-type=\"container\">\n\t\t\t\t\t<div class=\"e-con-inner\">\n\t\t<div class=\"elementor-element elementor-element-f132d71 e-con-full e-flex e-con e-child\" data-id=\"f132d71\" data-element_type=\"container\" data-e-type=\"container\">\n\t\t\t\t<div class=\"elementor-element elementor-element-cb7e40b elementor-widget__width-initial elementor-absolute aleft elementor-widget elementor-widget-wgl-double-heading\" data-id=\"cb7e40b\" data-element_type=\"widget\" data-e-type=\"widget\" data-settings=\"{&quot;_position&quot;:&quot;absolute&quot;}\" data-widget_type=\"wgl-double-heading.default\">\n\t\t\t\t<div class=\"elementor-widget-container\">\n\t\t\t\t\t<div class=\"wgl-double-heading\"><div class=\"dblh__wrapper\"><h3 class=\"dblh__title-wrapper\"><span class=\"dblh__title dblh__title-1\">Renovace a <\/span><span class=\"dblh__title dblh__title-2\">Rekonstrukce<\/span><\/h3><\/div><\/div>\t\t\t\t<\/div>\n\t\t\t\t<\/div>\n\t\t\t\t<\/div>\n\t\t\t\t\t<\/div>\n\t\t\t\t<\/div>\n\t\t<div class=\"elementor-element elementor-element-27bc2af e-flex e-con-boxed e-con e-parent\" data-id=\"27bc2af\" data-element_type=\"container\" data-e-type=\"container\">\n\t\t\t\t\t<div class=\"e-con-inner\">\n\t\t\t\t<div class=\"elementor-element elementor-element-d292fa4 elementor-widget elementor-widget-spacer\" data-id=\"d292fa4\" data-element_type=\"widget\" data-e-type=\"widget\" data-widget_type=\"spacer.default\">\n\t\t\t\t\t\t\t<div class=\"elementor-spacer\">\n\t\t\t<div class=\"elementor-spacer-inner\"><\/div>\n\t\t<\/div>\n\t\t\t\t\t\t<\/div>\n\t\t\t\t\t<\/div>\n\t\t\t\t<\/div>\n\t\t<div class=\"elementor-element elementor-element-a7623b9 e-flex e-con-boxed e-con e-parent\" data-id=\"a7623b9\" data-element_type=\"container\" data-e-type=\"container\">\n\t\t\t\t\t<div class=\"e-con-inner\">\n\t\t<div class=\"elementor-element elementor-element-486d16e e-con-full e-flex e-con e-child\" data-id=\"486d16e\" data-element_type=\"container\" data-e-type=\"container\">\n\t\t\t\t<div class=\"elementor-element elementor-element-dc14962 aleft elementor-widget elementor-widget-wgl-double-heading\" data-id=\"dc14962\" data-element_type=\"widget\" data-e-type=\"widget\" data-widget_type=\"wgl-double-heading.default\">\n\t\t\t\t<div class=\"elementor-widget-container\">\n\t\t\t\t\t<div class=\"wgl-double-heading\"><div class=\"dblh__wrapper\"><h3 class=\"dblh__title-wrapper\"><span class=\"dblh__title dblh__title-1\">Spr\u00e1va<\/span><span class=\"dblh__title dblh__title-2\">nemovitosti<\/span><\/h3><\/div><\/div>\t\t\t\t<\/div>\n\t\t\t\t<\/div>\n\t\t\t\t<\/div>\n\t\t<div class=\"elementor-element elementor-element-9d8f8ff e-con-full e-flex e-con e-child\" data-id=\"9d8f8ff\" data-element_type=\"container\" data-e-type=\"container\">\n\t\t\t\t<div class=\"elementor-element elementor-element-5a9ed3a elementor-widget__width-initial elementor-widget elementor-widget-text-editor\" data-id=\"5a9ed3a\" data-element_type=\"widget\" data-e-type=\"widget\" data-widget_type=\"text-editor.default\">\n\t\t\t\t\t\t\t\t\t<ul><li><h6>Spr\u00e1va nemovitosti po dobu va\u0161\u00ed nep\u0159\u00edtomnosti<\/h6><\/li><li><h6>Pravideln\u00e9 kontroly a \u00fadr\u017eba<\/h6><\/li><li><h6>Koordinace drobn\u00e9ho servisu a oprav<\/h6><\/li><\/ul>\t\t\t\t\t\t\t\t<\/div>\n\t\t\t\t<\/div>\n\t\t\t\t\t<\/div>\n\t\t\t\t<\/div>\n\t\t<div class=\"elementor-element elementor-element-815803f e-flex e-con-boxed e-con e-parent\" data-id=\"815803f\" data-element_type=\"container\" data-e-type=\"container\">\n\t\t\t\t\t<div class=\"e-con-inner\">\n\t\t\t\t<div class=\"elementor-element elementor-element-d35e51e elementor-widget elementor-widget-spacer\" data-id=\"d35e51e\" data-element_type=\"widget\" data-e-type=\"widget\" data-widget_type=\"spacer.default\">\n\t\t\t\t\t\t\t<div class=\"elementor-spacer\">\n\t\t\t<div class=\"elementor-spacer-inner\"><\/div>\n\t\t<\/div>\n\t\t\t\t\t\t<\/div>\n\t\t\t\t\t<\/div>\n\t\t\t\t<\/div>\n\t\t\t\t<\/div>","protected":false},"excerpt":{"rendered":"<p>OUR SERVICESReal Estate Services \u00a0 Finding the right property for your needs Complete assistance in buying and selling property Legal service and handling of all documentation Communication with authorities, notary and cadastre Interpreting and accompaniment during negotiations Expert advice on investment Customized renovation and reconstruction Remodeling, modernization and interior design Cooperation with verified craftsmen and [&hellip;]<\/p>\n","protected":false},"author":1,"featured_media":0,"parent":0,"menu_order":0,"comment_status":"closed","ping_status":"closed","template":"","meta":{"footnotes":""},"class_list":["post-2544","page","type-page","status-publish","hentry"],"meta_box":{"mb_page_sidebar_layout":"default","mb_page_sidebar_def":"","mb_page_sidebar_def_width":"9","mb_sticky_sidebar":"0","mb_sidebar_gap":"def","mb_customize_side_panel":"default","mb_side_panel_building_tool":"widgets","mb_side_panel_page_select":"","mb_side_panel_spacing":{"margin-top":"","margin-right":"","margin-bottom":"","margin-left":""},"mb_side_panel_title_color":"#ffffff","mb_side_panel_text_color":"#232323","mb_side_panel_bg":"rgba(35,35,35,1)","mb_side_panel_text_alignment":"left","mb_side_panel_width":"","mb_side_panel_position":"right","mb_customize_soc_shares":"default","mb_soc_icon_style":"standard","mb_soc_icon_offset":"250","mb_soc_icon_offset_units":"pixel","mb_soc_icon_facebook":"0","mb_soc_icon_twitter":"0","mb_soc_icon_linkedin":"0","mb_soc_icon_pinterest":"0","mb_soc_icon_tumblr":"0","mb_footer_switch":"default","mb_footer_building_tool":"elementor","mb_footer_page_select":"","mb_footer_spacing":{"padding-top":"0","padding-right":"0","padding-bottom":"0","padding-left":"0"},"mb_footer_bg":{"repeat":"","size":"","attachment":"","position":"","image":"","color":""},"mb_footer_add_border":"0","mb_footer_border_color":"#e5e5e5","mb_copyright_switch":"default","mb_copyright_editor":"Copyright \u00a9 2023 Quere by WebGeniusLab. All Rights Reserved","mb_copyright_text_color":"#888888","mb_copyright_bg_color":"#000000","mb_copyright_spacing":{"padding-top":"20px","padding-bottom":"20px"}},"_links":{"self":[{"href":"https:\/\/albaniahome.cz\/cs\/wp-json\/wp\/v2\/pages\/2544","targetHints":{"allow":["GET"]}}],"collection":[{"href":"https:\/\/albaniahome.cz\/cs\/wp-json\/wp\/v2\/pages"}],"about":[{"href":"https:\/\/albaniahome.cz\/cs\/wp-json\/wp\/v2\/types\/page"}],"author":[{"embeddable":true,"href":"https:\/\/albaniahome.cz\/cs\/wp-json\/wp\/v2\/users\/1"}],"replies":[{"embeddable":true,"href":"https:\/\/albaniahome.cz\/cs\/wp-json\/wp\/v2\/comments?post=2544"}],"version-history":[{"count":54,"href":"https:\/\/albaniahome.cz\/cs\/wp-json\/wp\/v2\/pages\/2544\/revisions"}],"predecessor-version":[{"id":7524,"href":"https:\/\/albaniahome.cz\/cs\/wp-json\/wp\/v2\/pages\/2544\/revisions\/7524"}],"wp:attachment":[{"href":"https:\/\/albaniahome.cz\/cs\/wp-json\/wp\/v2\/media?parent=2544"}],"curies":[{"name":"wp","href":"https:\/\/api.w.org\/{rel}","templated":true}]}}