{"id":5815,"date":"2025-12-10T23:34:52","date_gmt":"2025-12-10T23:34:52","guid":{"rendered":"https:\/\/albaniahome.cz\/?page_id=5815"},"modified":"2026-01-14T21:19:05","modified_gmt":"2026-01-14T21:19:05","slug":"vlora","status":"publish","type":"page","link":"https:\/\/albaniahome.cz\/cs\/vlora\/","title":{"rendered":"Vlora"},"content":{"rendered":"<div data-elementor-type=\"wp-page\" data-elementor-id=\"5815\" class=\"elementor elementor-5815\">\n\t\t\t\t<div class=\"elementor-element elementor-element-6504b9f e-flex e-con-boxed e-con e-parent\" data-id=\"6504b9f\" data-element_type=\"container\" data-e-type=\"container\">\n\t\t\t\t\t<div class=\"e-con-inner\">\n\t\t\t\t<div class=\"elementor-element elementor-element-9a02b03 elementor-widget elementor-widget-heading\" data-id=\"9a02b03\" data-element_type=\"widget\" data-e-type=\"widget\" data-widget_type=\"heading.default\">\n\t\t\t\t\t<h3 class=\"elementor-heading-title elementor-size-default\">Vlora \u2013 spojen\u00ed dvou mo\u0159\u00ed, historie a p\u0159\u00edrody<\/h3>\t\t\t\t<\/div>\n\t\t\t\t\t<\/div>\n\t\t\t\t<\/div>\n\t\t<div class=\"elementor-element elementor-element-58b08da e-flex e-con-boxed e-con e-parent\" data-id=\"58b08da\" data-element_type=\"container\" data-e-type=\"container\">\n\t\t\t\t\t<div class=\"e-con-inner\">\n\t\t\t\t<div class=\"elementor-element elementor-element-6a5608c elementor-widget elementor-widget-spacer\" data-id=\"6a5608c\" data-element_type=\"widget\" data-e-type=\"widget\" data-widget_type=\"spacer.default\">\n\t\t\t\t\t\t\t<div class=\"elementor-spacer\">\n\t\t\t<div class=\"elementor-spacer-inner\"><\/div>\n\t\t<\/div>\n\t\t\t\t\t\t<\/div>\n\t\t\t\t\t<\/div>\n\t\t\t\t<\/div>\n\t\t<div class=\"elementor-element elementor-element-e1fffb7 e-flex e-con-boxed e-con e-parent\" data-id=\"e1fffb7\" data-element_type=\"container\" data-e-type=\"container\">\n\t\t\t\t\t<div class=\"e-con-inner\">\n\t\t\t\t<div class=\"elementor-element elementor-element-8dbd16b elementor-widget__width-initial elementor-widget elementor-widget-text-editor\" data-id=\"8dbd16b\" data-element_type=\"widget\" data-e-type=\"widget\" data-widget_type=\"text-editor.default\">\n\t\t\t\t\t\t\t\t\t<p>Vlora se nach\u00e1z\u00ed na jihoz\u00e1padn\u00edm pob\u0159e\u017e\u00ed Alb\u00e1nie, v m\u00edst\u011b, kde se setk\u00e1v\u00e1 Jadersk\u00e9 a J\u00f3nsk\u00e9 mo\u0159e. M\u011bsto m\u00e1 bohatou historii \u2013 pr\u00e1v\u011b zde byla v roce 1912 vyhl\u00e1\u0161ena alb\u00e1nsk\u00e1 nez\u00e1vislost \u2013 a dodnes si uchov\u00e1v\u00e1 jedine\u010dn\u00fd charakter.<\/p><p>Star\u00e9 m\u011bsto zaujme \u00fazk\u00fdmi kamenn\u00fdmi uli\u010dkami, domy s italsk\u00fdmi vlivy, kav\u00e1rnami a restauracemi. P\u0159\u00edstav je \u017eiv\u00fdm centrem m\u011bsta a z\u00e1rove\u0148 v\u00fdchoz\u00edm bodem pro plavby k okoln\u00edm ostr\u016fvk\u016fm a do skryt\u00fdch z\u00e1tok.<\/p><p>Velkou p\u0159ednost\u00ed Vlory je jej\u00ed okol\u00ed. Najdete zde jak p\u00edse\u010dn\u00e9, tak obl\u00e1zkov\u00e9 pl\u00e1\u017ee, tyrkysov\u00e9 z\u00e1toky a nedalek\u00fd poloostrov Karaburun s n\u00e1rodn\u00edm parkem, kter\u00fd nab\u00edz\u00ed mo\u017enosti turistiky, koup\u00e1n\u00ed v pr\u016fzra\u010dn\u00e9 vod\u011b i objevov\u00e1n\u00ed jeskyn\u00ed. Obl\u00edben\u00fdm v\u00fdletn\u00edm m\u00edstem je tak\u00e9 Zv\u00ebrnec s byzantsk\u00fdm kl\u00e1\u0161terem na mal\u00e9m ostrov\u011b.<\/p><p>Vlora je ide\u00e1ln\u00ed pro ty, kte\u0159\u00ed cht\u011bj\u00ed spojit bydlen\u00ed u mo\u0159e, p\u0159\u00edrodu a \u017eivot ve m\u011bst\u011b.<\/p>\t\t\t\t\t\t\t\t<\/div>\n\t\t\t\t\t<\/div>\n\t\t\t\t<\/div>\n\t\t<div class=\"elementor-element elementor-element-7ae3883 e-flex e-con-boxed e-con e-parent\" data-id=\"7ae3883\" data-element_type=\"container\" data-e-type=\"container\">\n\t\t\t\t\t<div class=\"e-con-inner\">\n\t\t\t\t<div class=\"elementor-element elementor-element-2f9f62c elementor-arrows-position-inside elementor-pagination-position-outside elementor-widget elementor-widget-image-carousel\" data-id=\"2f9f62c\" data-element_type=\"widget\" data-e-type=\"widget\" data-settings=\"{&quot;navigation&quot;:&quot;both&quot;,&quot;autoplay&quot;:&quot;yes&quot;,&quot;pause_on_hover&quot;:&quot;yes&quot;,&quot;pause_on_interaction&quot;:&quot;yes&quot;,&quot;autoplay_speed&quot;:5000,&quot;infinite&quot;:&quot;yes&quot;,&quot;speed&quot;:500,&quot;image_spacing_custom&quot;:{&quot;unit&quot;:&quot;px&quot;,&quot;size&quot;:20,&quot;sizes&quot;:[]},&quot;image_spacing_custom_tablet&quot;:{&quot;unit&quot;:&quot;px&quot;,&quot;size&quot;:&quot;&quot;,&quot;sizes&quot;:[]},&quot;image_spacing_custom_mobile&quot;:{&quot;unit&quot;:&quot;px&quot;,&quot;size&quot;:&quot;&quot;,&quot;sizes&quot;:[]}}\" data-widget_type=\"image-carousel.default\">\n\t\t\t\t\t\t\t<div class=\"elementor-image-carousel-wrapper swiper\" role=\"region\" aria-roledescription=\"carousel\" aria-label=\"Image Carousel\" dir=\"ltr\">\n\t\t\t<div class=\"elementor-image-carousel swiper-wrapper\" aria-live=\"off\">\n\t\t\t\t\t\t\t\t<div class=\"swiper-slide\" role=\"group\" aria-roledescription=\"slide\" aria-label=\"1 z 3\" data-no-translation-aria-label=\"\"><figure class=\"swiper-slide-inner\"><img decoding=\"async\" class=\"swiper-slide-image\" src=\"https:\/\/albaniahome.cz\/wp-content\/uploads\/2025\/12\/image8-1f6301b7-640w.jpg\" alt=\"image8-1f6301b7-640w\" \/><\/figure><\/div><div class=\"swiper-slide\" role=\"group\" aria-roledescription=\"slide\" aria-label=\"2 z 3\" data-no-translation-aria-label=\"\"><figure class=\"swiper-slide-inner\"><img decoding=\"async\" class=\"swiper-slide-image\" src=\"https:\/\/albaniahome.cz\/wp-content\/uploads\/2025\/12\/unnamed.jpg\" alt=\"unnamed\" \/><\/figure><\/div><div class=\"swiper-slide\" role=\"group\" aria-roledescription=\"slide\" aria-label=\"3 z 3\" data-no-translation-aria-label=\"\"><figure class=\"swiper-slide-inner\"><img decoding=\"async\" class=\"swiper-slide-image\" src=\"https:\/\/albaniahome.cz\/wp-content\/uploads\/2025\/12\/Vlore-promenade.jpg\" alt=\"Vlore-promenade\" \/><\/figure><\/div>\t\t\t<\/div>\n\t\t\t\t\t\t\t\t\t\t\t\t<div class=\"elementor-swiper-button elementor-swiper-button-prev\" role=\"button\" tabindex=\"0\">\n\t\t\t\t\t\t<svg aria-hidden=\"true\" class=\"e-font-icon-svg e-eicon-chevron-left\" viewbox=\"0 0 1000 1000\" xmlns=\"http:\/\/www.w3.org\/2000\/svg\"><path d=\"M646 125C629 125 613 133 604 142L308 442C296 454 292 471 292 487 292 504 296 521 308 533L604 854C617 867 629 875 646 875 663 875 679 871 692 858 704 846 713 829 713 812 713 796 708 779 692 767L438 487 692 225C700 217 708 204 708 187 708 171 704 154 692 142 675 129 663 125 646 125Z\"><\/path><\/svg>\t\t\t\t\t<\/div>\n\t\t\t\t\t<div class=\"elementor-swiper-button elementor-swiper-button-next\" role=\"button\" tabindex=\"0\">\n\t\t\t\t\t\t<svg aria-hidden=\"true\" class=\"e-font-icon-svg e-eicon-chevron-right\" viewbox=\"0 0 1000 1000\" xmlns=\"http:\/\/www.w3.org\/2000\/svg\"><path d=\"M696 533C708 521 713 504 713 487 713 471 708 454 696 446L400 146C388 133 375 125 354 125 338 125 325 129 313 142 300 154 292 171 292 187 292 204 296 221 308 233L563 492 304 771C292 783 288 800 288 817 288 833 296 850 308 863 321 871 338 875 354 875 371 875 388 867 400 854L696 533Z\"><\/path><\/svg>\t\t\t\t\t<\/div>\n\t\t\t\t\n\t\t\t\t\t\t\t\t\t<div class=\"swiper-pagination\"><\/div>\n\t\t\t\t\t\t\t\t\t<\/div>\n\t\t\t\t\t\t<\/div>\n\t\t\t\t\t<\/div>\n\t\t\t\t<\/div>\n\t\t\t\t<\/div>","protected":false},"excerpt":{"rendered":"<p>Vlora \u2013 the connection of two seas, history and nature Vlora is located on the southwestern coast of Albania, at the point where the Adriatic and Ionian Seas meet. The city has a rich history \u2013 it was here that Albanian independence was declared in 1912 \u2013 and still retains a unique character. The old [&hellip;]<\/p>\n","protected":false},"author":1,"featured_media":0,"parent":0,"menu_order":0,"comment_status":"closed","ping_status":"closed","template":"","meta":{"footnotes":""},"class_list":["post-5815","page","type-page","status-publish","hentry"],"meta_box":{"mb_page_sidebar_layout":"default","mb_page_sidebar_def":"","mb_page_sidebar_def_width":"9","mb_sticky_sidebar":"0","mb_sidebar_gap":"40","mb_customize_side_panel":"default","mb_side_panel_building_tool":"widgets","mb_side_panel_page_select":"","mb_side_panel_spacing":{"margin-top":"","margin-right":"","margin-bottom":"","margin-left":""},"mb_side_panel_title_color":"#ffffff","mb_side_panel_text_color":"#232323","mb_side_panel_bg":"rgba(35,35,35,1)","mb_side_panel_text_alignment":"left","mb_side_panel_width":"","mb_side_panel_position":"right","mb_customize_soc_shares":"default","mb_soc_icon_style":"standard","mb_soc_icon_offset":"250","mb_soc_icon_offset_units":"pixel","mb_soc_icon_facebook":"0","mb_soc_icon_twitter":"0","mb_soc_icon_linkedin":"0","mb_soc_icon_pinterest":"0","mb_soc_icon_tumblr":"0","mb_footer_switch":"default","mb_footer_building_tool":"elementor","mb_footer_page_select":"","mb_footer_spacing":{"padding-top":"0","padding-right":"0","padding-bottom":"0","padding-left":"0"},"mb_footer_bg":{"repeat":"","size":"","attachment":"","position":"","image":"","color":""},"mb_footer_add_border":"0","mb_footer_border_color":"#e5e5e5","mb_copyright_switch":"default","mb_copyright_editor":"Copyright \u00a9 2023 Quere by WebGeniusLab. All Rights Reserved","mb_copyright_text_color":"#888888","mb_copyright_bg_color":"#000000","mb_copyright_spacing":{"padding-top":"20px","padding-bottom":"20px"}},"_links":{"self":[{"href":"https:\/\/albaniahome.cz\/cs\/wp-json\/wp\/v2\/pages\/5815","targetHints":{"allow":["GET"]}}],"collection":[{"href":"https:\/\/albaniahome.cz\/cs\/wp-json\/wp\/v2\/pages"}],"about":[{"href":"https:\/\/albaniahome.cz\/cs\/wp-json\/wp\/v2\/types\/page"}],"author":[{"embeddable":true,"href":"https:\/\/albaniahome.cz\/cs\/wp-json\/wp\/v2\/users\/1"}],"replies":[{"embeddable":true,"href":"https:\/\/albaniahome.cz\/cs\/wp-json\/wp\/v2\/comments?post=5815"}],"version-history":[{"count":19,"href":"https:\/\/albaniahome.cz\/cs\/wp-json\/wp\/v2\/pages\/5815\/revisions"}],"predecessor-version":[{"id":6359,"href":"https:\/\/albaniahome.cz\/cs\/wp-json\/wp\/v2\/pages\/5815\/revisions\/6359"}],"wp:attachment":[{"href":"https:\/\/albaniahome.cz\/cs\/wp-json\/wp\/v2\/media?parent=5815"}],"curies":[{"name":"wp","href":"https:\/\/api.w.org\/{rel}","templated":true}]}}