{"id":7353,"date":"2026-04-08T08:48:20","date_gmt":"2026-04-08T08:48:20","guid":{"rendered":"https:\/\/albaniahome.cz\/?page_id=7353"},"modified":"2026-04-08T13:33:35","modified_gmt":"2026-04-08T13:33:35","slug":"elementor-7353","status":"publish","type":"page","link":"https:\/\/albaniahome.cz\/cs\/elementor-7353\/","title":{"rendered":"Proces koup\u011b"},"content":{"rendered":"<div data-elementor-type=\"wp-page\" data-elementor-id=\"7353\" class=\"elementor elementor-7353\">\n\t\t\t\t<div class=\"elementor-element elementor-element-0e39f04 e-flex e-con-boxed e-con e-parent\" data-id=\"0e39f04\" data-element_type=\"container\" data-e-type=\"container\">\n\t\t\t\t\t<div class=\"e-con-inner\">\n\t\t<div class=\"elementor-element elementor-element-f56c111 e-con-full e-flex e-con e-child\" data-id=\"f56c111\" data-element_type=\"container\" data-e-type=\"container\">\n\t\t\t\t<div class=\"elementor-element elementor-element-7b1deaa elementor-widget__width-initial elementor-widget elementor-widget-text-editor\" data-id=\"7b1deaa\" data-element_type=\"widget\" data-e-type=\"widget\" data-widget_type=\"text-editor.default\">\n\t\t\t\t\t\t\t\t\t<h2 data-section-id=\"1ox95ut\" data-start=\"92\" data-end=\"158\">Kupte nemovitost v Alb\u00e1nii snadno a bez starost\u00ed<\/h2><p data-start=\"160\" data-end=\"434\">Alb\u00e1nie se rychle stala<strong> jednou z nejatraktivn\u011bj\u0161\u00edch realitn\u00edch destinac\u00ed v Evrop\u011b<\/strong> D\u00edky sv\u00e9mu n\u00e1dhern\u00e9mu pob\u0159e\u017e\u00ed, rostouc\u00edmu trhu a siln\u00e9mu investi\u010dn\u00edmu potenci\u00e1lu nab\u00edz\u00ed skv\u011bl\u00e9 p\u0159\u00edle\u017eitosti \u2013 a\u0165 u\u017e hled\u00e1te rekrea\u010dn\u00ed bydlen\u00ed u mo\u0159e, nebo nemovitost k pron\u00e1jmu.<\/p><p data-start=\"436\" data-end=\"679\">Z\u00e1rove\u0148 m\u00e1 m\u00edstn\u00ed trh sv\u00e1 specifika. Pr\u00e1vn\u00ed procesy, obchodn\u00ed zvyklosti i kulturn\u00ed normy se mohou v\u00fdrazn\u011b li\u0161it od toho, na co jste zvykl\u00ed ve sv\u00e9 zemi. Proto je z\u00e1sadn\u00ed m\u00edt po boku zku\u0161en\u00e9ho m\u00edstn\u00edho partnera.<\/p>\t\t\t\t\t\t\t\t<\/div>\n\t\t\t\t<div class=\"elementor-element elementor-element-0400a01 elementor-widget elementor-widget-button\" data-id=\"0400a01\" data-element_type=\"widget\" data-e-type=\"widget\" data-widget_type=\"button.default\">\n\t\t\t\t\t\t\t\t\t\t<a class=\"elementor-button elementor-button-link elementor-size-sm\" href=\"https:\/\/albaniahome.cz\/cs\/kontakt\/\">\n\t\t\t\t\t\t<span class=\"elementor-button-content-wrapper\">\n\t\t\t\t\t\t\t\t\t<span class=\"elementor-button-text\">Rezervujte si bezplatnou konzultaci<\/span>\n\t\t\t\t\t<\/span>\n\t\t\t\t\t<\/a>\n\t\t\t\t\t\t\t\t<\/div>\n\t\t\t\t<\/div>\n\t\t\t\t\t<\/div>\n\t\t\t\t<\/div>\n\t\t<div class=\"elementor-element elementor-element-c8be9af e-flex e-con-boxed e-con e-parent\" data-id=\"c8be9af\" data-element_type=\"container\" data-e-type=\"container\">\n\t\t\t\t\t<div class=\"e-con-inner\">\n\t\t\t\t<div class=\"elementor-element elementor-element-05244ce elementor-widget elementor-widget-spacer\" data-id=\"05244ce\" data-element_type=\"widget\" data-e-type=\"widget\" data-widget_type=\"spacer.default\">\n\t\t\t\t\t\t\t<div class=\"elementor-spacer\">\n\t\t\t<div class=\"elementor-spacer-inner\"><\/div>\n\t\t<\/div>\n\t\t\t\t\t\t<\/div>\n\t\t\t\t\t<\/div>\n\t\t\t\t<\/div>\n\t\t<div class=\"elementor-element elementor-element-f74a944 e-flex e-con-boxed e-con e-parent\" data-id=\"f74a944\" data-element_type=\"container\" data-e-type=\"container\">\n\t\t\t\t\t<div class=\"e-con-inner\">\n\t\t\t\t<div class=\"elementor-element elementor-element-006612f elementor-widget elementor-widget-heading\" data-id=\"006612f\" data-element_type=\"widget\" data-e-type=\"widget\" data-widget_type=\"heading.default\">\n\t\t\t\t\t<h6 class=\"elementor-heading-title elementor-size-default\">S n\u00e1mi z\u00edsk\u00e1te bezpe\u010dn\u00fd, transparentn\u00ed a kompletn\u011b \u0159\u00edzen\u00fd proces pro zahrani\u010dn\u00ed klienty.<\/h6>\t\t\t\t<\/div>\n\t\t\t\t\t<\/div>\n\t\t\t\t<\/div>\n\t\t<div class=\"elementor-element elementor-element-cd6384d e-flex e-con-boxed e-con e-parent\" data-id=\"cd6384d\" data-element_type=\"container\" data-e-type=\"container\">\n\t\t\t\t\t<div class=\"e-con-inner\">\n\t\t\t\t<div class=\"elementor-element elementor-element-b3238cf elementor-widget elementor-widget-spacer\" data-id=\"b3238cf\" data-element_type=\"widget\" data-e-type=\"widget\" data-widget_type=\"spacer.default\">\n\t\t\t\t\t\t\t<div class=\"elementor-spacer\">\n\t\t\t<div class=\"elementor-spacer-inner\"><\/div>\n\t\t<\/div>\n\t\t\t\t\t\t<\/div>\n\t\t\t\t\t<\/div>\n\t\t\t\t<\/div>\n\t\t<div class=\"elementor-element elementor-element-1662f3a e-flex e-con-boxed e-con e-parent\" data-id=\"1662f3a\" data-element_type=\"container\" data-e-type=\"container\">\n\t\t\t\t\t<div class=\"e-con-inner\">\n\t\t<div class=\"elementor-element elementor-element-724f4b7 e-con-full e-flex e-con e-child\" data-id=\"724f4b7\" data-element_type=\"container\" data-e-type=\"container\">\n\t\t\t\t<div class=\"elementor-element elementor-element-1596634 elementor-widget__width-initial elementor-widget elementor-widget-image\" data-id=\"1596634\" data-element_type=\"widget\" data-e-type=\"widget\" data-widget_type=\"image.default\">\n\t\t\t\t\t\t\t\t\t\t\t\t\t\t\t<img fetchpriority=\"high\" decoding=\"async\" width=\"1024\" height=\"613\" src=\"https:\/\/albaniahome.cz\/wp-content\/uploads\/2023\/08\/property-3-1024x613.jpg\" class=\"attachment-large size-large wp-image-3493\" alt=\"Albania Home\" srcset=\"https:\/\/albaniahome.cz\/wp-content\/uploads\/2023\/08\/property-3-1024x613.jpg 1024w, https:\/\/albaniahome.cz\/wp-content\/uploads\/2023\/08\/property-3-300x179.jpg 300w, https:\/\/albaniahome.cz\/wp-content\/uploads\/2023\/08\/property-3-768x459.jpg 768w, https:\/\/albaniahome.cz\/wp-content\/uploads\/2023\/08\/property-3.jpg 1170w\" sizes=\"(max-width: 1024px) 100vw, 1024px\">\t\t\t\t\t\t\t\t\t\t\t\t\t\t\t<\/div>\n\t\t\t\t<\/div>\n\t\t<div class=\"elementor-element elementor-element-6a91f41 e-con-full e-flex e-con e-child\" data-id=\"6a91f41\" data-element_type=\"container\" data-e-type=\"container\">\n\t\t\t\t<div class=\"elementor-element elementor-element-a43202b elementor-widget elementor-widget-text-editor\" data-id=\"a43202b\" data-element_type=\"widget\" data-e-type=\"widget\" data-widget_type=\"text-editor.default\">\n\t\t\t\t\t\t\t\t\t<h2>Pro\u010d s n\u00e1mi<\/h2><p>\u2714 Pe\u010dliv\u011b prov\u011b\u0159en\u00e9 nemovitosti<\/p><p>\u2714 Kompletn\u00ed pr\u00e1vn\u00ed servis<\/p><p>\u2714 Transparentn\u00ed a bezpe\u010dn\u00fd proces<\/p><p>\u2714 Komunikace ve va\u0161em jazyce<\/p><p>\u2714 Osobn\u00ed doprovod p\u0159\u00edmo v Alb\u00e1nii<\/p><p>\u2714 Prohl\u00eddky osobn\u011b i online<\/p><p>\u2714 Slu\u017eby po koupi (spr\u00e1va nemovitosti, pron\u00e1jmy, rekonstrukce, \u00faklid)<\/p>\t\t\t\t\t\t\t\t<\/div>\n\t\t\t\t<\/div>\n\t\t\t\t\t<\/div>\n\t\t\t\t<\/div>\n\t\t<div class=\"elementor-element elementor-element-05ed51b e-flex e-con-boxed e-con e-parent\" data-id=\"05ed51b\" data-element_type=\"container\" data-e-type=\"container\">\n\t\t\t\t\t<div class=\"e-con-inner\">\n\t\t\t\t\t<\/div>\n\t\t\t\t<\/div>\n\t\t<div class=\"elementor-element elementor-element-07bb3f1 e-flex e-con-boxed e-con e-parent\" data-id=\"07bb3f1\" data-element_type=\"container\" data-e-type=\"container\">\n\t\t\t\t\t<div class=\"e-con-inner\">\n\t\t\t\t<div class=\"elementor-element elementor-element-be31bed elementor-widget elementor-widget-spacer\" data-id=\"be31bed\" data-element_type=\"widget\" data-e-type=\"widget\" data-widget_type=\"spacer.default\">\n\t\t\t\t\t\t\t<div class=\"elementor-spacer\">\n\t\t\t<div class=\"elementor-spacer-inner\"><\/div>\n\t\t<\/div>\n\t\t\t\t\t\t<\/div>\n\t\t\t\t\t<\/div>\n\t\t\t\t<\/div>\n\t\t<div class=\"elementor-element elementor-element-baee999 e-flex e-con-boxed e-con e-parent\" data-id=\"baee999\" data-element_type=\"container\" data-e-type=\"container\">\n\t\t\t\t\t<div class=\"e-con-inner\">\n\t\t\t\t<div class=\"elementor-element elementor-element-3cc8c7b elementor-widget elementor-widget-heading\" data-id=\"3cc8c7b\" data-element_type=\"widget\" data-e-type=\"widget\" data-widget_type=\"heading.default\">\n\t\t\t\t\t<h2 class=\"elementor-heading-title elementor-size-default\">Pro\u010d investovat v Alb\u00e1nii<\/h2>\t\t\t\t<\/div>\n\t\t\t\t\t<\/div>\n\t\t\t\t<\/div>\n\t\t<div class=\"elementor-element elementor-element-419986f e-flex e-con-boxed e-con e-parent\" data-id=\"419986f\" data-element_type=\"container\" data-e-type=\"container\">\n\t\t\t\t\t<div class=\"e-con-inner\">\n\t\t<div class=\"elementor-element elementor-element-ff47b44 e-con-full e-flex e-con e-child\" data-id=\"ff47b44\" data-element_type=\"container\" data-e-type=\"container\">\n\t\t\t\t<div class=\"elementor-element elementor-element-585c7ba elementor-widget elementor-widget-text-editor\" data-id=\"585c7ba\" data-element_type=\"widget\" data-e-type=\"widget\" data-widget_type=\"text-editor.default\">\n\t\t\t\t\t\t\t\t\t<p>\u00a0<\/p><ul><li><strong>Rychle rostouc\u00ed<\/strong> trh s nemovitostmi<\/li><li><strong>Dostupn\u00e9<\/strong> ceny ve srovn\u00e1n\u00ed s Evropou<\/li><li><strong>N\u00e1dhern\u00e9<\/strong> pob\u0159e\u017e\u00ed Jadranu a J\u00f3nsk\u00e9ho mo\u0159e<\/li><li>Vysok\u00fd <strong>potenci\u00e1l<\/strong><\/li><li>Alb\u00e1nie pat\u0159\u00ed mezi nejzaj\u00edmav\u011bj\u0161\u00ed destinace v Evrop\u011b <strong>co se t\u00fd\u010de realitn\u00edch p\u0159\u00edle\u017eitost\u00ed<\/strong><\/li><\/ul>\t\t\t\t\t\t\t\t<\/div>\n\t\t\t\t<\/div>\n\t\t<div class=\"elementor-element elementor-element-5a2228c e-con-full e-flex e-con e-child\" data-id=\"5a2228c\" data-element_type=\"container\" data-e-type=\"container\">\n\t\t\t\t<div class=\"elementor-element elementor-element-ca564d1 elementor-widget__width-initial elementor-widget elementor-widget-image\" data-id=\"ca564d1\" data-element_type=\"widget\" data-e-type=\"widget\" data-widget_type=\"image.default\">\n\t\t\t\t\t\t\t\t\t\t\t\t\t\t\t<img decoding=\"async\" width=\"640\" height=\"428\" src=\"https:\/\/albaniahome.cz\/wp-content\/uploads\/2025\/12\/image8-1f6301b7-640ja.webp\" class=\"attachment-large size-large wp-image-5823\" alt=\"Albania Home\" srcset=\"https:\/\/albaniahome.cz\/wp-content\/uploads\/2025\/12\/image8-1f6301b7-640ja.webp 640w, https:\/\/albaniahome.cz\/wp-content\/uploads\/2025\/12\/image8-1f6301b7-640ja-300x201.webp 300w, https:\/\/albaniahome.cz\/wp-content\/uploads\/2025\/12\/image8-1f6301b7-640ja-18x12.webp 18w\" sizes=\"(max-width: 640px) 100vw, 640px\">\t\t\t\t\t\t\t\t\t\t\t\t\t\t\t<\/div>\n\t\t\t\t<\/div>\n\t\t\t\t\t<\/div>\n\t\t\t\t<\/div>\n\t\t<div class=\"elementor-element elementor-element-d33171a e-flex e-con-boxed e-con e-parent\" data-id=\"d33171a\" data-element_type=\"container\" data-e-type=\"container\">\n\t\t\t\t\t<div class=\"e-con-inner\">\n\t\t\t\t<div class=\"elementor-element elementor-element-4e80fd8 elementor-widget elementor-widget-spacer\" data-id=\"4e80fd8\" data-element_type=\"widget\" data-e-type=\"widget\" data-widget_type=\"spacer.default\">\n\t\t\t\t\t\t\t<div class=\"elementor-spacer\">\n\t\t\t<div class=\"elementor-spacer-inner\"><\/div>\n\t\t<\/div>\n\t\t\t\t\t\t<\/div>\n\t\t\t\t\t<\/div>\n\t\t\t\t<\/div>\n\t\t<div class=\"elementor-element elementor-element-73f2c9e e-flex e-con-boxed e-con e-parent\" data-id=\"73f2c9e\" data-element_type=\"container\" data-e-type=\"container\">\n\t\t\t\t\t<div class=\"e-con-inner\">\n\t\t\t\t<div class=\"elementor-element elementor-element-1cf982c elementor-widget elementor-widget-heading\" data-id=\"1cf982c\" data-element_type=\"widget\" data-e-type=\"widget\" data-widget_type=\"heading.default\">\n\t\t\t\t\t<h2 class=\"elementor-heading-title elementor-size-default\">Jak prob\u00edh\u00e1 koup\u011b nemovitosti<\/h2>\t\t\t\t<\/div>\n\t\t\t\t\t<\/div>\n\t\t\t\t<\/div>\n\t\t<div class=\"elementor-element elementor-element-9721790 e-flex e-con-boxed e-con e-parent\" data-id=\"9721790\" data-element_type=\"container\" data-e-type=\"container\">\n\t\t\t\t\t<div class=\"e-con-inner\">\n\t\t\t\t<div class=\"elementor-element elementor-element-eb2d732 elementor-widget elementor-widget-spacer\" data-id=\"eb2d732\" data-element_type=\"widget\" data-e-type=\"widget\" data-widget_type=\"spacer.default\">\n\t\t\t\t\t\t\t<div class=\"elementor-spacer\">\n\t\t\t<div class=\"elementor-spacer-inner\"><\/div>\n\t\t<\/div>\n\t\t\t\t\t\t<\/div>\n\t\t\t\t\t<\/div>\n\t\t\t\t<\/div>\n\t\t<div class=\"elementor-element elementor-element-407a1ff e-flex e-con-boxed e-con e-parent\" data-id=\"407a1ff\" data-element_type=\"container\" data-e-type=\"container\">\n\t\t\t\t\t<div class=\"e-con-inner\">\n\t\t\t\t<div class=\"elementor-element elementor-element-90b319b elementor-widget elementor-widget-spacer\" data-id=\"90b319b\" data-element_type=\"widget\" data-e-type=\"widget\" data-widget_type=\"spacer.default\">\n\t\t\t\t\t\t\t<div class=\"elementor-spacer\">\n\t\t\t<div class=\"elementor-spacer-inner\"><\/div>\n\t\t<\/div>\n\t\t\t\t\t\t<\/div>\n\t\t\t\t\t<\/div>\n\t\t\t\t<\/div>\n\t\t<div class=\"elementor-element elementor-element-ecd4040 e-flex e-con-boxed e-con e-parent\" data-id=\"ecd4040\" data-element_type=\"container\" data-e-type=\"container\">\n\t\t\t\t\t<div class=\"e-con-inner\">\n\t\t<div class=\"elementor-element elementor-element-065b0b9 e-con-full e-flex e-con e-child\" data-id=\"065b0b9\" data-element_type=\"container\" data-e-type=\"container\">\n\t\t\t\t<div class=\"elementor-element elementor-element-5473f47 elementor-widget elementor-widget-text-editor\" data-id=\"5473f47\" data-element_type=\"widget\" data-e-type=\"widget\" data-widget_type=\"text-editor.default\">\n\t\t\t\t\t\t\t\t\t<ul><li data-section-id=\"sakueh\" data-start=\"1432\" data-end=\"1492\"><strong data-start=\"1435\" data-end=\"1457\">V\u00fdb\u011br nemovitosti<\/strong><br data-start=\"1457\" data-end=\"1460\" \/>P\u0159iprav\u00edme seznam pe\u010dliv\u011b prov\u011b\u0159en\u00fdch nemovitost\u00ed<\/li><li data-section-id=\"1o3bx9e\" data-start=\"1494\" data-end=\"1560\"><strong data-start=\"1497\" data-end=\"1512\">Pr\u00e1vn\u00ed prov\u011b\u0159en\u00ed<\/strong><br data-start=\"1512\" data-end=\"1515\" \/>Provedeme kompletn\u00ed pr\u00e1vn\u00ed prov\u011brku s ov\u011b\u0159en\u00edm vlastnictv\u00ed<\/li><li data-section-id=\"15hxh68\" data-start=\"1562\" data-end=\"1617\"><strong data-start=\"1565\" data-end=\"1580\">Reservace<\/strong><br data-start=\"1580\" data-end=\"1583\" \/>Zajist\u00edme nemovitost slo\u017een\u00edm z\u00e1lohy<\/li><li data-section-id=\"1v69yui\" data-start=\"1619\" data-end=\"1681\"><strong data-start=\"1622\" data-end=\"1643\">Kupn\u00ed smlouva a not\u00e1\u0159<\/strong><br data-start=\"1643\" data-end=\"1646\" \/>N\u00e1sleduje fici\u00e1ln\u00ed podpis smlouvy a bezpe\u010dn\u00e1 platba<\/li><li data-section-id=\"2jitq4\" data-start=\"1683\" data-end=\"1740\"><strong data-start=\"1686\" data-end=\"1708\">P\u0159evod vlastnictv\u00ed<\/strong><br data-start=\"1708\" data-end=\"1711\" \/>Z\u00e1pis do katastru a p\u0159ed\u00e1n\u00ed kl\u00ed\u010d\u016f<\/li><\/ul>\t\t\t\t\t\t\t\t<\/div>\n\t\t\t\t<\/div>\n\t\t<div class=\"elementor-element elementor-element-8ed4a36 e-con-full e-flex e-con e-child\" data-id=\"8ed4a36\" data-element_type=\"container\" data-e-type=\"container\">\n\t\t\t\t<div class=\"elementor-element elementor-element-efd734f elementor-widget__width-initial elementor-widget elementor-widget-image\" data-id=\"efd734f\" data-element_type=\"widget\" data-e-type=\"widget\" data-widget_type=\"image.default\">\n\t\t\t\t\t\t\t\t\t\t\t\t\t\t\t<img decoding=\"async\" width=\"1024\" height=\"613\" src=\"https:\/\/albaniahome.cz\/wp-content\/uploads\/2023\/08\/property-7-1024x613.jpg\" class=\"attachment-large size-large wp-image-3497\" alt=\"Albania Home\" srcset=\"https:\/\/albaniahome.cz\/wp-content\/uploads\/2023\/08\/property-7-1024x613.jpg 1024w, https:\/\/albaniahome.cz\/wp-content\/uploads\/2023\/08\/property-7-300x179.jpg 300w, https:\/\/albaniahome.cz\/wp-content\/uploads\/2023\/08\/property-7-768x459.jpg 768w, https:\/\/albaniahome.cz\/wp-content\/uploads\/2023\/08\/property-7.jpg 1170w\" sizes=\"(max-width: 1024px) 100vw, 1024px\">\t\t\t\t\t\t\t\t\t\t\t\t\t\t\t<\/div>\n\t\t\t\t<\/div>\n\t\t\t\t\t<\/div>\n\t\t\t\t<\/div>\n\t\t<div class=\"elementor-element elementor-element-7ab4ad0 e-flex e-con-boxed e-con e-parent\" data-id=\"7ab4ad0\" data-element_type=\"container\" data-e-type=\"container\">\n\t\t\t\t\t<div class=\"e-con-inner\">\n\t\t\t\t<div class=\"elementor-element elementor-element-9787dcc elementor-widget elementor-widget-spacer\" data-id=\"9787dcc\" data-element_type=\"widget\" data-e-type=\"widget\" data-widget_type=\"spacer.default\">\n\t\t\t\t\t\t\t<div class=\"elementor-spacer\">\n\t\t\t<div class=\"elementor-spacer-inner\"><\/div>\n\t\t<\/div>\n\t\t\t\t\t\t<\/div>\n\t\t\t\t<div class=\"elementor-element elementor-element-caf27b6 elementor-widget elementor-widget-heading\" data-id=\"caf27b6\" data-element_type=\"widget\" data-e-type=\"widget\" data-widget_type=\"heading.default\">\n\t\t\t\t\t<h2 class=\"elementor-heading-title elementor-size-default\">Ceny nemovitost\u00ed v Alb\u00e1nii\n<\/h2>\t\t\t\t<\/div>\n\t\t\t\t\t<\/div>\n\t\t\t\t<\/div>\n\t\t<div class=\"elementor-element elementor-element-902bda2 e-flex e-con-boxed e-con e-parent\" data-id=\"902bda2\" data-element_type=\"container\" data-e-type=\"container\">\n\t\t\t\t\t<div class=\"e-con-inner\">\n\t\t\t\t<div class=\"elementor-element elementor-element-65c26f2 elementor-widget elementor-widget-spacer\" data-id=\"65c26f2\" data-element_type=\"widget\" data-e-type=\"widget\" data-widget_type=\"spacer.default\">\n\t\t\t\t\t\t\t<div class=\"elementor-spacer\">\n\t\t\t<div class=\"elementor-spacer-inner\"><\/div>\n\t\t<\/div>\n\t\t\t\t\t\t<\/div>\n\t\t\t\t\t<\/div>\n\t\t\t\t<\/div>\n\t\t<div class=\"elementor-element elementor-element-58d2bce e-flex e-con-boxed e-con e-parent\" data-id=\"58d2bce\" data-element_type=\"container\" data-e-type=\"container\">\n\t\t\t\t\t<div class=\"e-con-inner\">\n\t\t<div class=\"elementor-element elementor-element-6adc657 e-con-full e-flex e-con e-child\" data-id=\"6adc657\" data-element_type=\"container\" data-e-type=\"container\">\n\t\t\t\t<div class=\"elementor-element elementor-element-445b02a elementor-widget elementor-widget-text-editor\" data-id=\"445b02a\" data-element_type=\"widget\" data-e-type=\"widget\" data-widget_type=\"text-editor.default\">\n\t\t\t\t\t\t\t\t\t<p><strong data-start=\"2154\" data-end=\"2164\">Tirana<br \/><\/strong>\u20ac1,200 \u2013 \u20ac5,000 \/ m\u00b2<\/p>\t\t\t\t\t\t\t\t<\/div>\n\t\t\t\t<\/div>\n\t\t<div class=\"elementor-element elementor-element-6d6d74b e-con-full e-flex e-con e-child\" data-id=\"6d6d74b\" data-element_type=\"container\" data-e-type=\"container\">\n\t\t\t\t<div class=\"elementor-element elementor-element-41b19ab elementor-widget elementor-widget-text-editor\" data-id=\"41b19ab\" data-element_type=\"widget\" data-e-type=\"widget\" data-widget_type=\"text-editor.default\">\n\t\t\t\t\t\t\t\t\t<p><strong data-start=\"2195\" data-end=\"2212\">Pob\u0159e\u017en\u00ed oblasti<\/strong><br data-start=\"2212\" data-end=\"2215\" \/>\u20ac950 \u2013 \u20ac5,000 \/ m\u00b2<\/p>\t\t\t\t\t\t\t\t<\/div>\n\t\t\t\t<\/div>\n\t\t<div class=\"elementor-element elementor-element-3c8a197 e-con-full e-flex e-con e-child\" data-id=\"3c8a197\" data-element_type=\"container\" data-e-type=\"container\">\n\t\t\t\t<div class=\"elementor-element elementor-element-c30d537 elementor-widget elementor-widget-text-editor\" data-id=\"c30d537\" data-element_type=\"widget\" data-e-type=\"widget\" data-widget_type=\"text-editor.default\">\n\t\t\t\t\t\t\t\t\t<p><strong data-start=\"2241\" data-end=\"2251\">Vnitrozem\u00ed<\/strong><br data-start=\"2251\" data-end=\"2254\" \/>\u20ac700 \u2013 \u20ac2,000 \/ m<\/p>\t\t\t\t\t\t\t\t<\/div>\n\t\t\t\t<\/div>\n\t\t\t\t\t<\/div>\n\t\t\t\t<\/div>\n\t\t<div class=\"elementor-element elementor-element-49b0f0e e-flex e-con-boxed e-con e-parent\" data-id=\"49b0f0e\" data-element_type=\"container\" data-e-type=\"container\">\n\t\t\t\t\t<div class=\"e-con-inner\">\n\t\t\t\t<div class=\"elementor-element elementor-element-46604bd elementor-widget elementor-widget-spacer\" data-id=\"46604bd\" data-element_type=\"widget\" data-e-type=\"widget\" data-widget_type=\"spacer.default\">\n\t\t\t\t\t\t\t<div class=\"elementor-spacer\">\n\t\t\t<div class=\"elementor-spacer-inner\"><\/div>\n\t\t<\/div>\n\t\t\t\t\t\t<\/div>\n\t\t\t\t\t<\/div>\n\t\t\t\t<\/div>\n\t\t<div class=\"elementor-element elementor-element-c5833aa e-flex e-con-boxed e-con e-parent\" data-id=\"c5833aa\" data-element_type=\"container\" data-e-type=\"container\">\n\t\t\t\t\t<div class=\"e-con-inner\">\n\t\t\t\t\t<\/div>\n\t\t\t\t<\/div>\n\t\t<div class=\"elementor-element elementor-element-6f26636 e-flex e-con-boxed e-con e-parent\" data-id=\"6f26636\" data-element_type=\"container\" data-e-type=\"container\">\n\t\t\t\t\t<div class=\"e-con-inner\">\n\t\t<div class=\"elementor-element elementor-element-c4a09bf e-con-full e-flex e-con e-child\" data-id=\"c4a09bf\" data-element_type=\"container\" data-e-type=\"container\">\n\t\t\t\t<div class=\"elementor-element elementor-element-1665d90 elementor-widget elementor-widget-text-editor\" data-id=\"1665d90\" data-element_type=\"widget\" data-e-type=\"widget\" data-widget_type=\"text-editor.default\">\n\t\t\t\t\t\t\t\t\t<h2 data-section-id=\"1v51ksz\" data-start=\"1420\" data-end=\"1453\">Za\u010dn\u011bte s bezplatnou konzultac\u00ed<\/h2><p>\u00a0<\/p><p data-start=\"1455\" data-end=\"1578\">\u0158ekn\u011bte n\u00e1m, co hled\u00e1te \u2013 provedeme v\u00e1s cel\u00fdm procesem, od v\u00fdb\u011bru nemovitosti a\u017e po kone\u010dn\u00e9 p\u0159ed\u00e1n\u00ed kl\u00ed\u010d\u016f.<\/p>\t\t\t\t\t\t\t\t<\/div>\n\t\t\t\t<\/div>\n\t\t\t\t<div class=\"elementor-element elementor-element-2c38fba elementor-widget__width-initial elementor-widget elementor-widget-button\" data-id=\"2c38fba\" data-element_type=\"widget\" data-e-type=\"widget\" data-widget_type=\"button.default\">\n\t\t\t\t\t\t\t\t\t\t<a class=\"elementor-button elementor-button-link elementor-size-sm\" href=\"https:\/\/albaniahome.cz\/cs\/kontakt\/\">\n\t\t\t\t\t\t<span class=\"elementor-button-content-wrapper\">\n\t\t\t\t\t\t\t\t\t<span class=\"elementor-button-text\">Rezervujte si bezplatnou konzultaci<\/span>\n\t\t\t\t\t<\/span>\n\t\t\t\t\t<\/a>\n\t\t\t\t\t\t\t\t<\/div>\n\t\t\t\t<div class=\"elementor-element elementor-element-56f9cba elementor-widget elementor-widget-spacer\" data-id=\"56f9cba\" data-element_type=\"widget\" data-e-type=\"widget\" data-widget_type=\"spacer.default\">\n\t\t\t\t\t\t\t<div class=\"elementor-spacer\">\n\t\t\t<div class=\"elementor-spacer-inner\"><\/div>\n\t\t<\/div>\n\t\t\t\t\t\t<\/div>\n\t\t\t\t<div class=\"elementor-element elementor-element-f23dc0f elementor-widget elementor-widget-spacer\" data-id=\"f23dc0f\" data-element_type=\"widget\" data-e-type=\"widget\" data-widget_type=\"spacer.default\">\n\t\t\t\t\t\t\t<div class=\"elementor-spacer\">\n\t\t\t<div class=\"elementor-spacer-inner\"><\/div>\n\t\t<\/div>\n\t\t\t\t\t\t<\/div>\n\t\t\t\t\t<\/div>\n\t\t\t\t<\/div>\n\t\t\t\t<\/div>","protected":false},"excerpt":{"rendered":"<p>Buying Property in Albania Made Simple Albania has quickly become one of the most attractive real estate destinations in Europe. With its stunning coastline, growing market, and strong investment potential, it offers great opportunities\u2014whether you&#8217;re looking for a holiday home by the sea or a rental investment. At the same time, the local market has [&hellip;]<\/p>\n","protected":false},"author":1,"featured_media":0,"parent":0,"menu_order":0,"comment_status":"closed","ping_status":"closed","template":"","meta":{"footnotes":""},"class_list":["post-7353","page","type-page","status-publish","hentry"],"meta_box":{"mb_page_sidebar_layout":"default","mb_page_sidebar_def":"","mb_page_sidebar_def_width":"9","mb_sticky_sidebar":"0","mb_sidebar_gap":"40","mb_customize_side_panel":"default","mb_side_panel_building_tool":"widgets","mb_side_panel_page_select":"","mb_side_panel_spacing":{"margin-top":"","margin-right":"","margin-bottom":"","margin-left":""},"mb_side_panel_title_color":"#ffffff","mb_side_panel_text_color":"#232323","mb_side_panel_bg":"rgba(35,35,35,1)","mb_side_panel_text_alignment":"left","mb_side_panel_width":"","mb_side_panel_position":"right","mb_customize_soc_shares":"default","mb_soc_icon_style":"standard","mb_soc_icon_offset":"250","mb_soc_icon_offset_units":"pixel","mb_soc_icon_facebook":"0","mb_soc_icon_twitter":"0","mb_soc_icon_linkedin":"0","mb_soc_icon_pinterest":"0","mb_soc_icon_tumblr":"0","mb_footer_switch":"default","mb_footer_building_tool":"elementor","mb_footer_page_select":"","mb_footer_spacing":{"padding-top":"0","padding-right":"0","padding-bottom":"0","padding-left":"0"},"mb_footer_bg":{"repeat":"","size":"","attachment":"","position":"","image":"","color":""},"mb_footer_add_border":"0","mb_footer_border_color":"#e5e5e5","mb_copyright_switch":"default","mb_copyright_editor":"Copyright \u00a9 2023 Quere by WebGeniusLab. All Rights Reserved","mb_copyright_text_color":"#888888","mb_copyright_bg_color":"#000000","mb_copyright_spacing":{"padding-top":"20px","padding-bottom":"20px"}},"_links":{"self":[{"href":"https:\/\/albaniahome.cz\/cs\/wp-json\/wp\/v2\/pages\/7353","targetHints":{"allow":["GET"]}}],"collection":[{"href":"https:\/\/albaniahome.cz\/cs\/wp-json\/wp\/v2\/pages"}],"about":[{"href":"https:\/\/albaniahome.cz\/cs\/wp-json\/wp\/v2\/types\/page"}],"author":[{"embeddable":true,"href":"https:\/\/albaniahome.cz\/cs\/wp-json\/wp\/v2\/users\/1"}],"replies":[{"embeddable":true,"href":"https:\/\/albaniahome.cz\/cs\/wp-json\/wp\/v2\/comments?post=7353"}],"version-history":[{"count":77,"href":"https:\/\/albaniahome.cz\/cs\/wp-json\/wp\/v2\/pages\/7353\/revisions"}],"predecessor-version":[{"id":7434,"href":"https:\/\/albaniahome.cz\/cs\/wp-json\/wp\/v2\/pages\/7353\/revisions\/7434"}],"wp:attachment":[{"href":"https:\/\/albaniahome.cz\/cs\/wp-json\/wp\/v2\/media?parent=7353"}],"curies":[{"name":"wp","href":"https:\/\/api.w.org\/{rel}","templated":true}]}}